{"id":129,"date":"2011-10-05T01:25:02","date_gmt":"2011-10-04T23:25:02","guid":{"rendered":"http:\/\/localhost:8888\/st_promotions\/?page_id=129"},"modified":"2025-04-04T14:04:57","modified_gmt":"2025-04-04T14:04:57","slug":"staff-area","status":"publish","type":"page","link":"https:\/\/www.st-promotions.de\/en\/staff-area\/","title":{"rendered":"Staff Area"},"content":{"rendered":"<h2>Promo4u24 &#8211; Das Jobportal<\/h2>\n<h3>Promoter bundesweit<\/h3>\n<p style=\"text-align: left;\">JOBS &#8230; zwar nicht f\u00fcr jeden, aber f\u00fcr alle, die mit einem bundesweit agierenden Team zusammenarbeiten m\u00f6chten, flexibel, freundlich und einsatzbereit sind und auch sonst gerne mal mit anpacken. Erfahrungen sind sch\u00f6n und erfreuen uns eigentlich immer &#8211; sind aber nicht in jedem Fall unbedingt n\u00f6tig.<br \/>\nWer also Interesse an und Zeit f\u00fcr Promotion hat, kann <span style=\"text-decoration: underline;\"><strong><a href=\"http:\/\/www.promo4u24.de\/\" target=\"_blank\" rel=\"nofollow noopener noreferrer\">hier<\/a><\/strong><\/span> einfach seine Bewerbung ausf\u00fcllen und senden.<\/p>\n<p style=\"text-align: center;\">[button link=&#8221;http:\/\/www.promo4u24.de\/&#8221; color=&#8221;info&#8221; icon=&#8221;icon-edit&#8221; nofollow=&#8221;true&#8221;]Zur Bewerbung[\/button]<\/p>\n","protected":false},"excerpt":{"rendered":"<p>Promo4u24 &#8211; Das Jobportal Promoter bundesweit JOBS &#8230; zwar nicht f\u00fcr jeden, aber f\u00fcr alle, die mit einem bundesweit agierenden Team zusammenarbeiten m\u00f6chten, flexibel, freundlich und einsatzbereit sind und auch sonst gerne mal mit anpacken. Erfahrungen sind sch\u00f6n und erfreuen uns eigentlich immer &#8211; sind aber nicht in jedem Fall unbedingt n\u00f6tig. Wer also Interesse &#8230; <span\" class=\"link-primary\">read more<\/span><\/p>\n","protected":false},"author":2,"featured_media":0,"parent":0,"menu_order":22,"comment_status":"closed","ping_status":"open","template":"","meta":{"_acf_changed":false,"footnotes":""},"class_list":["post-129","page","type-page","status-publish","hentry"],"acf":[],"_links":{"self":[{"href":"https:\/\/www.st-promotions.de\/en\/wp-json\/wp\/v2\/pages\/129","targetHints":{"allow":["GET"]}}],"collection":[{"href":"https:\/\/www.st-promotions.de\/en\/wp-json\/wp\/v2\/pages"}],"about":[{"href":"https:\/\/www.st-promotions.de\/en\/wp-json\/wp\/v2\/types\/page"}],"author":[{"embeddable":true,"href":"https:\/\/www.st-promotions.de\/en\/wp-json\/wp\/v2\/users\/2"}],"replies":[{"embeddable":true,"href":"https:\/\/www.st-promotions.de\/en\/wp-json\/wp\/v2\/comments?post=129"}],"version-history":[{"count":6,"href":"https:\/\/www.st-promotions.de\/en\/wp-json\/wp\/v2\/pages\/129\/revisions"}],"predecessor-version":[{"id":24920,"href":"https:\/\/www.st-promotions.de\/en\/wp-json\/wp\/v2\/pages\/129\/revisions\/24920"}],"wp:attachment":[{"href":"https:\/\/www.st-promotions.de\/en\/wp-json\/wp\/v2\/media?parent=129"}],"curies":[{"name":"wp","href":"https:\/\/api.w.org\/{rel}","templated":true}]}}