{"id":13577,"date":"2013-12-12T15:13:37","date_gmt":"2013-12-12T14:13:37","guid":{"rendered":"https:\/\/www.st-promotions.de\/?page_id=13577"},"modified":"2026-03-06T16:33:58","modified_gmt":"2026-03-06T16:33:58","slug":"logistical-support","status":"publish","type":"page","link":"https:\/\/www.st-promotions.de\/en\/logistical-support\/","title":{"rendered":"Logistical Support"},"content":{"rendered":"<p>[full_width]<br \/>\n[row narrowcontent=&#8221;true&#8221; header=&#8221;Unsere Standorte&#8221; headertype=&#8221;2&#8243;]<\/p>\n<div id=\"map\" style=\"width: 100%; height: 600px;\"><\/div>\n<p>[\/row]<br \/>\n[\/full_width]<\/p>\n<h3><b>Bundesweit t\u00e4tige Promotionagentur\u00a0garantiert kurze Wege<\/b><\/h3>\n<p style=\"text-align: left;\">Als deutschlandweit agierende Promotionagentur ist ST-PROMOTIONS an 11 Standorten vertreten, um von dort mit kompetentem und qualifiziertem Personal Promotionaktionen in ganz Deutschland f\u00fcr Sie zu realisieren. Durch die regionale Vielfalt verf\u00fcgt unser Personal \u00fcber eine fundierte Kenntnis landestypischer Eigenheiten und schafft es so, <em>Promotions<\/em> zielgerichtet und erfolgreich in allen Regionen Deutschlands durchzuf\u00fchren.<\/p>\n<p style=\"text-align: left;\">An jedem unserer 11 Standorte (Hamburg, Berlin, Leipzig, Dresden, Erfurt, Hannover, K\u00f6ln, Frankfurt, Stuttgart, M\u00fcnchen, N\u00fcrnberg) sind wir mit einem Lager f\u00fcr Sie pr\u00e4sent, sodass eine dezentrale Umsetzung Ihrer bundesweiten Promotionaktionen immer garantiert werden kann. Mit unserer professionellen Lagerlogistik gew\u00e4hrleisten wir, dass Ihr Promotionequipment schnell und zuverl\u00e4ssig zusammengestellt wird.<\/p>\n<p style=\"text-align: left;\">Vom Segway \u00fcber den Kleinwagen bis hin zum K\u00fchlfahrzeug haben wir bundesweiten Zugriff auf die richtigen Fahrzeuge vor Ort. Fordern Sie uns!<\/p>\n<p>&nbsp;<\/p>\n<p>&nbsp;<\/p>\n","protected":false},"excerpt":{"rendered":"<p>[full_width] [row narrowcontent=&#8221;true&#8221; header=&#8221;Unsere Standorte&#8221; headertype=&#8221;2&#8243;] [\/row] [\/full_width] Bundesweit t\u00e4tige Promotionagentur\u00a0garantiert kurze Wege Als deutschlandweit agierende Promotionagentur ist ST-PROMOTIONS an 11 Standorten vertreten, um von dort mit kompetentem und qualifiziertem Personal Promotionaktionen in ganz Deutschland f\u00fcr Sie zu realisieren. Durch die regionale Vielfalt verf\u00fcgt unser Personal \u00fcber eine fundierte Kenntnis landestypischer Eigenheiten und schafft es &#8230; <span\" class=\"link-primary\">read more<\/span><\/p>\n","protected":false},"author":2,"featured_media":0,"parent":0,"menu_order":21,"comment_status":"closed","ping_status":"closed","template":"","meta":{"_acf_changed":false,"footnotes":""},"class_list":["post-13577","page","type-page","status-publish","hentry"],"acf":[],"_links":{"self":[{"href":"https:\/\/www.st-promotions.de\/en\/wp-json\/wp\/v2\/pages\/13577","targetHints":{"allow":["GET"]}}],"collection":[{"href":"https:\/\/www.st-promotions.de\/en\/wp-json\/wp\/v2\/pages"}],"about":[{"href":"https:\/\/www.st-promotions.de\/en\/wp-json\/wp\/v2\/types\/page"}],"author":[{"embeddable":true,"href":"https:\/\/www.st-promotions.de\/en\/wp-json\/wp\/v2\/users\/2"}],"replies":[{"embeddable":true,"href":"https:\/\/www.st-promotions.de\/en\/wp-json\/wp\/v2\/comments?post=13577"}],"version-history":[{"count":6,"href":"https:\/\/www.st-promotions.de\/en\/wp-json\/wp\/v2\/pages\/13577\/revisions"}],"predecessor-version":[{"id":26762,"href":"https:\/\/www.st-promotions.de\/en\/wp-json\/wp\/v2\/pages\/13577\/revisions\/26762"}],"wp:attachment":[{"href":"https:\/\/www.st-promotions.de\/en\/wp-json\/wp\/v2\/media?parent=13577"}],"curies":[{"name":"wp","href":"https:\/\/api.w.org\/{rel}","templated":true}]}}