{"id":15732,"date":"2014-09-05T10:13:48","date_gmt":"2014-09-05T09:13:48","guid":{"rendered":"https:\/\/www.st-promotions.de\/?page_id=15732"},"modified":"2026-01-16T13:50:55","modified_gmt":"2026-01-16T13:50:55","slug":"tc","status":"publish","type":"page","link":"https:\/\/www.st-promotions.de\/en\/tc\/","title":{"rendered":"General Terms and Conditions"},"content":{"rendered":"<h2 style=\"text-align: justify;\">ST-PROMOTIONS oHG<\/h2>\n<p style=\"text-align: justify;\">zu Promoter, Hostessen, Merchandiser (A) und f\u00fcr Konfektionierung\/Lagerhaltung etc. (B)<\/p>\n<p style=\"text-align: justify;\">zu A.\u00a0\u00a0\u00a0\u00a0\u00a0\u00a0\u00a0\u00a0\u00a0\u00a0 Promoter, Hostessen, Merchandiser (A)<\/p>\n<p style=\"text-align: justify;\">1. Termine<\/p>\n<p style=\"text-align: justify;\">Ma\u00dfgebend f\u00fcr die Durchf\u00fchrung des Auftrages sind die vereinbarten Termine. Bei Ausfall von Mitarbeitern ist der Auftragnehmer berechtigt, die betreffende Zeit nachzuarbeiten.<\/p>\n<p style=\"text-align: justify;\">2. R\u00fccktritt<\/p>\n<p style=\"text-align: justify;\">Der Auftragnehmer hat bei Vorliegen h\u00f6herer Gewalt, die ihm die Durchf\u00fchrung des Auftrages ganz oder teilweise unm\u00f6glich macht, ein kostenloses R\u00fccktrittsrecht. Erf\u00fcllt der Auftraggeber seine vertraglichen Verpflichtungen nicht, so ist der Auftragnehmer nach Abmahnung und Fristsetzung berechtigt, Schadenersatz in H\u00f6he von 75 % des Auftragswertes zu verlangen. Der Nachweis abweichenden Schadens wird hierdurch nicht ber\u00fchrt. Ist der Auftragnehmer infolge einer Vertragsverletzung des Auftraggebers gezwungen, eine laufende Aktion abzubrechen, kann der Auftragnehmer trotzdem die Zahlung des gesamten Auftragswertes als Schadenersatz verlangen, wobei erbrachte Leistungen nicht zus\u00e4tzlich abgerechnet werden.<br \/>\nWird der Auftrag oder werden Teile des Auftrages vor Beendigung des Auftrages storniert, werden alle bis zur Stornierung angefallenen Arbeiten auf Basis des aktuellen Stundensatzes abgerechnet.<br \/>\nStorniert der Auftraggeber vor Aktionsbeginn, ohne dass ein vom Auftragnehmer zu vertretender Grund vorliegt, erh\u00e4lt Auftragnehmer Schadenersatz in Abh\u00e4ngigkeit vom Zeitpunkt des Stornos in nachfolgend angef\u00fchrter H\u00f6he; bis 15 Tage vor Aktionsbeginn 50%; ab 14 Tage vor Aktionsbeginn 100% des Gesamtauftragswertes.<br \/>\nDem Auftragnehmer bleibt die Geltendmachung weitergehender Sch\u00e4den vorbehalten. Dem Auftraggeber bleibt es vorbehalten, nachzuweisen, dass ein niedrigerer oder kein Schaden entstanden ist.<\/p>\n<p style=\"text-align: justify;\">3. Haftung<\/p>\n<p style=\"text-align: justify;\">Der Auftragnehmer verpflichtet sich, den Auftrag mit der Sorgfalt eines ordentlichen Kaufmannes zu erledigen. Die Haftung des Auftragnehmers ist auch hinsichtlich der Termine und Personalauswahl auf Vorsatz und grobe Fahrl\u00e4ssigkeit beschr\u00e4nkt und \u00fcbersteigt in keinem Fall den Nettorechnungsbetrag.<\/p>\n<p style=\"text-align: justify;\">4. M\u00e4ngelr\u00fcgen<\/p>\n<p style=\"text-align: justify;\">M\u00e4ngelr\u00fcgen gegen die Ausf\u00fchrung eines Auftrages sind innerhalb von einer Woche\u00a0 nach Beendigung des betreffenden Einsatzes schriftlich geltend zu machen. Der Auftragnehmer ist auf Verlangen zur Auskunft verpflichtet.<br \/>\nBesteht die M\u00e4ngelr\u00fcge zu Recht, so kann der Auftraggeber nur verlangen, dass der Auftragnehmer den Mangel durch einen erneuten Einsatz f\u00fcr die bem\u00e4ngelte Zeit kostenlos durchf\u00fchrt. Ist der Auftragnehmer dazu nicht in der Lage (z. B. wegen Personalmangel), so hat der Auftraggeber lediglich das Recht, diesen betreffenden Einsatz von der Rechnung abzusetzen, bzw. der Auftragnehmer wird diesen Betrag nicht in Rechnung stellen.<\/p>\n<p style=\"text-align: justify;\">zu B.\u00a0\u00a0\u00a0\u00a0\u00a0\u00a0\u00a0\u00a0\u00a0\u00a0 Konfektionierung\/Lagerhaltung etc.<\/p>\n<p style=\"text-align: justify;\">1. Anlieferung<\/p>\n<p style=\"text-align: justify;\">Das Konfektionsgut ist vom Auftraggeber sp\u00e4testens zwei Werktage vor Aktionsbeginn kostenfrei anzuliefern und unmittelbar nach Beendigung des Auftrages kostenfrei f\u00fcr den Auftragnehmer abzuholen. &#8211; Soll Ablieferung durch Auftragnehmer erfolgen, so wird eine angemessene Geb\u00fchr daf\u00fcr berechnet. Wird mehr angeliefert, als im Auftrag vereinbart, ist der Auftragnehmer berechtigt, eine bis zu 5 % h\u00f6here Auflage gegen gesonderte Berechnung zu verarbeiten.<\/p>\n<p style=\"text-align: justify;\">2. Bearbeitung<\/p>\n<p style=\"text-align: justify;\">Jede Konfektionierungsaufgabe ist genau zu beschreiben, ein Muster soll vorher zur Kalkulation zur Verf\u00fcgung stehen. &#8211; Weichen die notwendigen T\u00e4tigkeiten bei der Ausf\u00fchrung von der anfangs genannten Aufgabe\/Kalkulation ab, so wird der beim Auftragnehmer \u00fcbliche Stundensatz berechnet. Notwendige Hilfsmittel wie Verpackung, B\u00e4nder, Porto werden gesondert berechnet. Bei der Lagerhaltung wird jeder angefangene Monat per m2\/m3\u00a0bzw. Palette berechnet. Die Berechnung f\u00fcr Ein- und Auslagerung erfolgt gesondert, wenn nicht bereits mit einkalkuliert.<\/p>\n<p style=\"text-align: justify;\">3. Termine<\/p>\n<p style=\"text-align: justify;\">Der Auftragnehmer ist berechtigt, vereinbarte Termine aus betriebsbedingten Gr\u00fcnden angemessen zu verschieben\/zu verl\u00e4ngern.<\/p>\n<p style=\"text-align: justify;\">4. Haftung<\/p>\n<p style=\"text-align: justify;\">Bei \u00dcbernahme des Gutes haftet der Auftragnehmer nur f\u00fcr die laut Lieferschein empfangene Paket- oder Kartonzahl, nicht jedoch f\u00fcr die Richtigkeit der St\u00fcckzahl innerhalb der Abpackeinheiten. Der Auftragnehmer wird den Auftrag mit der Sorgfalt eines ordentlichen Kaufmannes erledigen.<br \/>\nDie Haftung des Auftragnehmers ist &#8211; auch hinsichtlich Lagerhaltung, Personalauswahl und Termine &#8211; auf Vorsatz und grobe Fahrl\u00e4ssigkeit beschr\u00e4nkt und \u00fcbersteigt in keinem Fall den Nettorechnungsbetrag. F\u00fcr Inhalt und Text des Gutes haftet ausschlie\u00dflich der Auftraggeber.<\/p>\n<p style=\"text-align: justify;\">5. M\u00e4ngelr\u00fcgen<\/p>\n<p style=\"text-align: justify;\">M\u00e4ngelr\u00fcgen sind innerhalb einer Woche nach Abholung\/Ablieferung schriftlich geltend zu machen.Minderlieferungen bis zu 5 % k\u00f6nnen nicht als M\u00e4ngel geltend gemacht werden. M\u00e4ngel eines Teils der Lieferung berechtigen nicht zur Ablehnung der ganzen Lieferung.<\/p>\n<p style=\"text-align: justify;\">6. R\u00fccktritt<\/p>\n<p style=\"text-align: justify;\">Der Auftragnehmer hat bei Vorliegen h\u00f6herer Gewalt, die ihm die Durchf\u00fchrung des Auftrages unm\u00f6glich macht, ein kostenloses R\u00fccktrittsrecht.<br \/>\nErf\u00fcllt der Auftraggeber seine vertraglichen Verpflichtungen nicht, so ist der Auftragnehmer nach Abmahnung und Fristsetzung berechtigt, Schadenersatz in H\u00f6he von 50 % des Auftragswertes zu verlangen. Der Nachweis abweichenden Schadens wird hierdurch nicht ber\u00fchrt.<br \/>\nIst der Auftragnehmer infolge einer Vertragsverletzung des Auftraggebers gezwungen, eine laufende Aktion abzubrechen, kann der Auftragnehmer trotzdem die Zahlung des gesamten Auftragswertes als Schadensersatz verlangen, wobei erbrachte Leistungen nicht zus\u00e4tzlich abgerechnet werden.<\/p>\n<p style=\"text-align: justify;\">zu A. + B.\u00a0\u00a0 Allgemeines<\/p>\n<p style=\"text-align: justify;\">1. Zahlungsbedingungen<\/p>\n<p style=\"text-align: justify;\">Zahlungen sind wegen der Lohnintensit\u00e4t der Auftr\u00e4ge innerhalb von zehn Tagen nach Rechnungserteilung ohne Abzug f\u00e4llig. &#8211; Neukunden zahlen mit Vorkasse. Der Auftragnehmer kann die Durch- bzw. Weiterf\u00fchrung des Auftrages vom Zahlungseingang abh\u00e4ngig machen. &#8211; Rechnungen mit Auslageanteilen m\u00fcssen sofort nach Rechnungseingang beglichen werden. Eine Aufrechnung mit anderen Auftragsteilen darf nicht erfolgen.<\/p>\n<p style=\"text-align: justify;\">2. Zahlungsverzug<\/p>\n<p style=\"text-align: justify;\">Bei Zahlungsverzug sind Verzugszinsen in H\u00f6he von 2 % \u00fcber dem jeweiligen Bundesbankdiskontsatz, mindestens jedoch 8 % zu verg\u00fcten. Der Auftraggeber kann nur mit solchen Forderungen aufrechnen, die unbestritten oder rechtskr\u00e4ftig festgestellt sind.<\/p>\n<p style=\"text-align: justify;\">2. Versicherung<\/p>\n<p style=\"text-align: justify;\">Die beim Auftragnehmer lagernden G\u00fcter sind grunds\u00e4tzlich nicht versichert. Wird eine Versicherung, z. B. gegen Feuer, Wasser, Einbruch etc. gew\u00fcnscht, so tr\u00e4gt entweder der Auftraggeber daf\u00fcr Sorge, oder der Auftragnehmer versichert die G\u00fcter auf Wunsch gegen die betr. Risiken und stellt ihm die Teilkosten in Rechnung.<\/p>\n<p style=\"text-align: justify;\">4. Rabatte und Provisionen<\/p>\n<p style=\"text-align: justify;\">Rabatte, Skonti und Provisionen sind grunds\u00e4tzlich in den angegebenen Preisen enthalten und m\u00fcssen gegebenenfalls gesondert vereinbart werden. Sie gelten nur dann, wenn sie schriftlich vom Auftragnehmer best\u00e4tigt worden sind.<\/p>\n<p style=\"text-align: justify;\">5. Vertragsform<\/p>\n<p style=\"text-align: justify;\">\u00c4nderungen oder Erg\u00e4nzungen der vertraglichen Bestimmungen bed\u00fcrfen zu ihrer Wirksamkeit der Schriftform. Bedingungen des Auftraggebers, die von denen des Auftragnehmers abweichen, gelten als nicht vereinbart.<br \/>\nDiese Gesch\u00e4ftsbedingungen \u00a0sind auch Grundlage f\u00fcr zuk\u00fcnftige Auftr\u00e4ge und werden vom Auftraggeber anerkannt.<br \/>\nTeilweise Unwirksamkeit dieser Bedingungen hat auf den Bestand der \u00fcbrigen Bedingungen keinen Einfluss.<br \/>\nAls Vertragsannahme gilt erst die Auftragsbest\u00e4tigung.<br \/>\nErf\u00fcllungsort und Gerichtsstand sind ausschlie\u00dflich Hamburg.<\/p>\n<p style=\"text-align: justify;\">Stand 01.01.2018<\/p>\n<p style=\"text-align: justify;\">Unsere AGB als *.pdf Dokument:<\/p>\n<p style=\"text-align: justify;\"><a href=\"https:\/\/www.st-promotions.de\/wp-content\/uploads\/2018\/09\/AGB_ST-PROMOTIONS.pdf\">AGB_ST-PROMOTIONS<\/a>.<\/p>\n<p style=\"text-align: justify;\">\n","protected":false},"excerpt":{"rendered":"<p>ST-PROMOTIONS oHG zu Promoter, Hostessen, Merchandiser (A) und f\u00fcr Konfektionierung\/Lagerhaltung etc. (B) zu A.\u00a0\u00a0\u00a0\u00a0\u00a0\u00a0\u00a0\u00a0\u00a0\u00a0 Promoter, Hostessen, Merchandiser (A) 1. Termine Ma\u00dfgebend f\u00fcr die Durchf\u00fchrung des Auftrages sind die vereinbarten Termine. Bei Ausfall von Mitarbeitern ist der Auftragnehmer berechtigt, die betreffende Zeit nachzuarbeiten. 2. R\u00fccktritt Der Auftragnehmer hat bei Vorliegen h\u00f6herer Gewalt, die ihm die Durchf\u00fchrung &#8230; <span\" class=\"link-primary\">read more<\/span><\/p>\n","protected":false},"author":2,"featured_media":0,"parent":0,"menu_order":0,"comment_status":"closed","ping_status":"closed","template":"","meta":{"_acf_changed":false,"footnotes":""},"class_list":["post-15732","page","type-page","status-publish","hentry"],"acf":[],"_links":{"self":[{"href":"https:\/\/www.st-promotions.de\/en\/wp-json\/wp\/v2\/pages\/15732","targetHints":{"allow":["GET"]}}],"collection":[{"href":"https:\/\/www.st-promotions.de\/en\/wp-json\/wp\/v2\/pages"}],"about":[{"href":"https:\/\/www.st-promotions.de\/en\/wp-json\/wp\/v2\/types\/page"}],"author":[{"embeddable":true,"href":"https:\/\/www.st-promotions.de\/en\/wp-json\/wp\/v2\/users\/2"}],"replies":[{"embeddable":true,"href":"https:\/\/www.st-promotions.de\/en\/wp-json\/wp\/v2\/comments?post=15732"}],"version-history":[{"count":5,"href":"https:\/\/www.st-promotions.de\/en\/wp-json\/wp\/v2\/pages\/15732\/revisions"}],"predecessor-version":[{"id":26685,"href":"https:\/\/www.st-promotions.de\/en\/wp-json\/wp\/v2\/pages\/15732\/revisions\/26685"}],"wp:attachment":[{"href":"https:\/\/www.st-promotions.de\/en\/wp-json\/wp\/v2\/media?parent=15732"}],"curies":[{"name":"wp","href":"https:\/\/api.w.org\/{rel}","templated":true}]}}