{"id":20208,"date":"2017-11-01T16:57:41","date_gmt":"2017-11-01T15:57:41","guid":{"rendered":"https:\/\/www.st-promotions.de\/?page_id=20208"},"modified":"2025-04-04T12:57:41","modified_gmt":"2025-04-04T12:57:41","slug":"social-promo-ads","status":"publish","type":"page","link":"https:\/\/www.st-promotions.de\/en\/social-promo-ads\/","title":{"rendered":"SoLoMo"},"content":{"rendered":"<h2>Digitaler Support f\u00fcr Ihre Aktionen<\/h2>\n<p style=\"text-align: left;\">Mit unseren Promotionaktionen stellen wir sicher, dass wir f\u00fcr unsere Kunden die gr\u00f6\u00dftm\u00f6gliche Pr\u00e4senz in der relevanten Zielgruppen erzielen. Und dies sowohl im Einzelhandel als auch bei Live-Veranstaltungen oder in bei\u00a0 Promotionaktionen in Kombination mit Digital- oder Online-Aktionen<br \/>\nUm die Ziele unserer Kunden umzusetzen, nutzen wir unsere eigens hierf\u00fcr entwickelte Software und bedienen uns bei Promotionaktionen der sozialen Medien als Multiplikator.<br \/>\nSo nutzen wir die Kombination mit anderen Medien um Konsumenten, Shopper und Event-Besucher direkt zu anzusprechen und damit herausragende Ergebnisse zu erzielen und zu dokumentieren.<br \/>\nZur Vermittlung eines herausragenden Markenerlebnisses setzen wir Markenbotschafter ein, welche die Markenwerte face-to-face kommunizieren und \u00fcber operatives und logistisches Fachwissen verf\u00fcgen. Diese Art der Kommunikation,\u00a0gekoppelt mit digitalem Marketing vermittelt das Markenerlebnis schnell und innovativ.<\/p>\n<p>[full_width]<br \/>\n[row narrowcontent=&#8221;true&#8221; space=&#8221;true&#8221;]<br \/>\n[half_column space=&#8221;true&#8221; animation=&#8221;bounceInLeft&#8221;]<br \/>\n<a href=\"https:\/\/www.st-promotions.de\/social-media-promotions\"><br \/>\n<img loading=\"lazy\" decoding=\"async\" class=\"aligncenter size-full wp-image-19348\" src=\"https:\/\/www.st-promotions.de\/wp-content\/uploads\/2017\/11\/socialmediapromotion.png\" alt=\"socialmediapromotion\" width=\"120\" height=\"120\" \/><\/a><\/p>\n<h4 style=\"text-align: center;\">Social Media Promotions<\/h4>\n<p>[list style=&#8221;none&#8221;]<\/p>\n<p style=\"text-align: left;\">Hier bieten wir u.a. das Flyersampling mit QR-Responsecodes, die Integration von Geocaching, &#8220;behind-the-scenes&#8221;, welche in die sozialen Medien transportiert werden, Facebook und Instagram live Aktionen.<\/p>\n<p>[\/list]<br \/>\n[\/half_column]<br \/>\n[half_column space=&#8221;true&#8221; animation=&#8221;bounceInRight&#8221;]<br \/>\n<a href=\"https:\/\/www.st-promotions.de\/datenerfassung-im-aussendienst\/\"><br \/>\n<img loading=\"lazy\" decoding=\"async\" class=\"aligncenter size-full wp-image-19348\" src=\"https:\/\/www.st-promotions.de\/wp-content\/uploads\/2017\/11\/mobiledatenerfassung.png\" alt=\"mobiledatenerfassung\" width=\"120\" height=\"120\" \/><\/a><\/p>\n<h4 style=\"text-align: center;\">Mobile Datenerfassung<\/h4>\n<p>[list style=&#8221;none&#8221;]<\/p>\n<p style=\"text-align: left;\">Mit der von uns entwickelten Anwendung k\u00f6nnen alle relevanten Informationen vor Ort erhoben und innerhalb k\u00fcrzester Zeit erfasst und verarbeitet werden.<\/p>\n<p>[\/list]<br \/>\n[\/half_column]<br \/>\n[\/row]<br \/>\n[row space=&#8221;true&#8221; narrowcontent=&#8221;true&#8221;]<br \/>\n[half_column space=&#8221;true&#8221; animation=&#8221;bounceInUp&#8221;]<br \/>\n<a href=\"https:\/\/www.st-promotions.de\/website-entwicklung\/\"><br \/>\n<img loading=\"lazy\" decoding=\"async\" class=\"aligncenter size-full wp-image-19348\" src=\"https:\/\/www.st-promotions.de\/wp-content\/uploads\/2017\/11\/websiteentwicklung-1.png\" alt=\"websiteentwicklung\" width=\"120\" height=\"120\" \/><\/a><\/p>\n<h4 style=\"text-align: center;\">Website Entwicklung<\/h4>\n<p>[list style=&#8221;none&#8221;]<\/p>\n<p style=\"text-align: left;\">Wir sind nicht nur Planer, wir sind Macher. Unsere Designer, Autoren, Entwickler und Vermarkter setzen Ihre Themen optimal in Szene.<\/p>\n<p>[\/list]<br \/>\n[\/half_column]<br \/>\n[half_column space=&#8221;true&#8221; animation=&#8221;bounceInUp&#8221;]<br \/>\n<a href=\"https:\/\/www.st-promotions.de\/kaufentscheidungsanalyse\/\"><br \/>\n<img loading=\"lazy\" decoding=\"async\" class=\"aligncenter size-full wp-image-19348\" src=\"https:\/\/www.st-promotions.de\/wp-content\/uploads\/2017\/11\/kaufentscheidungsanalyse.png\" alt=\"kaufentscheidungsanalyse\" width=\"120\" height=\"120\" \/><\/a><\/p>\n<h4 style=\"text-align: center;\">Kaufentscheidungsanalyse<\/h4>\n<p>[list style=&#8221;none&#8221;]<\/p>\n<p style=\"text-align: left;\">Um die in den Zielgruppen vertretenen Kaufmotivationen gesichert darstellen zu k\u00f6nnnen, erstellen wir f\u00fcr unsere Kunden Analysen auf\u00a0 Grundlage von Beobachtung und Befragung.<\/p>\n<p>[\/list]<br \/>\n[\/half_column]<br \/>\n[\/row]<br \/>\n[\/full_width]<\/p>\n","protected":false},"excerpt":{"rendered":"<p>Digitaler Support f\u00fcr Ihre Aktionen Mit unseren Promotionaktionen stellen wir sicher, dass wir f\u00fcr unsere Kunden die gr\u00f6\u00dftm\u00f6gliche Pr\u00e4senz in der relevanten Zielgruppen erzielen. Und dies sowohl im Einzelhandel als auch bei Live-Veranstaltungen oder in bei\u00a0 Promotionaktionen in Kombination mit Digital- oder Online-Aktionen Um die Ziele unserer Kunden umzusetzen, nutzen wir unsere eigens hierf\u00fcr entwickelte &#8230; <span\" class=\"link-primary\">read more<\/span><\/p>\n","protected":false},"author":2,"featured_media":0,"parent":0,"menu_order":0,"comment_status":"closed","ping_status":"closed","template":"","meta":{"_acf_changed":false,"footnotes":""},"class_list":["post-20208","page","type-page","status-publish","hentry"],"acf":[],"_links":{"self":[{"href":"https:\/\/www.st-promotions.de\/en\/wp-json\/wp\/v2\/pages\/20208","targetHints":{"allow":["GET"]}}],"collection":[{"href":"https:\/\/www.st-promotions.de\/en\/wp-json\/wp\/v2\/pages"}],"about":[{"href":"https:\/\/www.st-promotions.de\/en\/wp-json\/wp\/v2\/types\/page"}],"author":[{"embeddable":true,"href":"https:\/\/www.st-promotions.de\/en\/wp-json\/wp\/v2\/users\/2"}],"replies":[{"embeddable":true,"href":"https:\/\/www.st-promotions.de\/en\/wp-json\/wp\/v2\/comments?post=20208"}],"version-history":[{"count":5,"href":"https:\/\/www.st-promotions.de\/en\/wp-json\/wp\/v2\/pages\/20208\/revisions"}],"predecessor-version":[{"id":26032,"href":"https:\/\/www.st-promotions.de\/en\/wp-json\/wp\/v2\/pages\/20208\/revisions\/26032"}],"wp:attachment":[{"href":"https:\/\/www.st-promotions.de\/en\/wp-json\/wp\/v2\/media?parent=20208"}],"curies":[{"name":"wp","href":"https:\/\/api.w.org\/{rel}","templated":true}]}}