{"id":2365,"date":"2012-01-03T09:50:27","date_gmt":"2012-01-03T08:50:27","guid":{"rendered":"https:\/\/www.st-promotions.de\/?page_id=2365"},"modified":"2026-03-07T11:02:04","modified_gmt":"2026-03-07T11:02:04","slug":"exhibition-and-trade-show-staff","status":"publish","type":"page","link":"https:\/\/www.st-promotions.de\/en\/exhibition-and-trade-show-staff\/","title":{"rendered":"Trade Show Staff"},"content":{"rendered":"<p style=\"text-align: center;\"><img loading=\"lazy\" decoding=\"async\" class=\"alignnone wp-image-19447 size-large\" src=\"https:\/\/www.st-promotions.de\/wp-content\/uploads\/2012\/01\/messe-1024x768.jpg\" alt=\"Messepromoter\" width=\"1024\" height=\"768\" \/><\/p>\n<p>[full_width]<br \/>\n[row narrowcontent=&#8221;true&#8221;\u00a0header=&#8221;Messehostessen&#8221; headertype=&#8221;3&#8243; space=&#8221;false&#8221;]<\/p>\n<p style=\"text-align: left;\"><span style=\"line-height: 1.5em;\">Messen gibt es zu fast jedem Thema und in zahlreichen St\u00e4dten. Durch die hohen Besucherzahlen und eine herausragende\u00a0Kontaktqualit\u00e4t bieten Messen eine ideale Plattform f\u00fcr themenspezifische und zielgruppenorientierte Promotionaktionen. Neben der der Wahl richtigen Messe, ist aber auch gut geschultes und motiviertes Personal der Schl\u00fcssel zu einer erfolgreichen Messepr\u00e4senz.<\/span><\/p>\n<p style=\"text-align: left;\">Standgeb\u00fchren, wie auch ein individuell gestalteter Messestand sind kostenintensive Faktoren. Damit der Messeauftritt zum vollen Erfolg wird, ist es daher besonders wichtig mit qualifiziertem Personal\u00a0zusammen zu arbeiten.<\/p>\n<p style=\"text-align: left;\">Sie haben planen einen Messeauftritt? \u00a0Dann \u00fcbernehmen wir gerne f\u00fcr Sie die gesamte Abwicklung im Promotion Bereich. Diese beginnt bei uns schon bei der Recherche individuell gestaltetem Informationsmaterials und personalisierten Give-Aways.<\/p>\n<p style=\"text-align: left;\">Bei uns entscheiden Sie, welches Profil die Messehostessen oder -hosts haben sollen und stimmen mit uns zusammen die Inhalte der Schulung ab.<\/p>\n<p style=\"text-align: left;\">Um auf einer Messe pr\u00e4sent zu sein, muss es aber nicht immer zwingend gleich ein Messestand sein. Auch die Umgebung eines Messegel\u00e4ndes eignet sich zur Durchf\u00fchrung von diversen Samplings oder anderen Zielgruppenansprachen. Bahnstationen in der direkten Umgebung von Messen bieten sich\u00a0f\u00fcr als Location f\u00fcr diverse Promotionaktivit\u00e4ten an und sind dar\u00fcber hinaus deutlich kosteng\u00fcnstiger als ein Messestand. Wir beraten Sie gerne ausf\u00fchrlich \u00fcber die verschiedenen M\u00f6glichkeiten, die die von Ihnen ausgew\u00e4hlte Messe bietet und erarbeiten gemeinsam mit Ihnen die beste L\u00f6sung f\u00fcr Ihr Produkt.<\/p>\n<p>&nbsp;<\/p>\n<p>[\/row]<\/p>\n<p>[row narrowcontent=&#8221;true&#8221; color=&#8221;primary&#8221; header=&#8221;Case Studies&#8221; headertype=&#8221;2&#8243;]<\/p>\n<h3 style=\"text-align: center;\">brand eins auf der Frankfurter Buchmesse<\/h3>\n<p style=\"text-align: left;\">F\u00fcr unseren Verlagskunden brand eins organisierten wir zum dritten Mal in Folge einen Messeauftritt auf der Frankfurter Buchmesse. Die Buchmesse stellt f\u00fcr brand eins mit seinem Wirtschaftsmagazin einen idealen Standort dar, da im Rahmen der gr\u00f6\u00dften Buchmesse der Welt \u00fcber 300.000 Besucher aus den verschiedensten Bereichen der gedruckten Welt anzutreffen sind.<\/p>\n<p style=\"text-align: left;\">W\u00e4hrend der \u00d6ffnungszeiten betreuten unsere Messehostessen und -hosts den Promotionstand und standen den Besuchern bei Fragen und Anregungen unterst\u00fctzend zur Verf\u00fcgung. Au\u00dferdem gingen sie in der Messehalle umher und sampelten bei Bedarf kostenlose Exemplare des Wirtschaftsmagazins.<\/p>\n<p style=\"text-align: left;\">Der potentielle brand eins-Leser ist urban und bezeichnet sich selbst als weltoffen. Genau diese Klientel ist auch auf der Frankfurter Buchmesse stark vertreten und wenn etwas so gut zusammen passt, kann auch der Messeauftritt nur ein voller Erfolg werden!<\/p>\n\n<p>&nbsp;<\/p>\n<h3 style=\"text-align: center;\">CHIP POWERPLAY auf der GamesCom<\/h3>\n<p style=\"text-align: left;\">Ein weiterer Verlagskunde, f\u00fcr den wir eine Messepromotion organisiert haben, ist die CHIP Communications GmbH. Doch diese Promotionaktion war anders organisiert. Zur Bewerbung des Magazins CHIP POWERPLAY wurden Flyer gesampelt, auf denen ein QR-Code f\u00fcr eine kostenlose Leseprobe aufgedruckt war. Und das Sampling fand nicht in der Messehalle, sondern am S-Bahnhof K\u00f6ln Messe\/Deutz statt. Denn hier fand sich die gesamte Zielgruppe des Magazins gesammelt: junge Gamer. Und diese trafen wir hier, f\u00fcr unseren Kunden, am besten direkt auf dem Weg zur Messe.<\/p>\n<p style=\"text-align: left;\">Unsere Promoterinnen, gekleidet in gebrandeten Outfits, sprachen die Besucher aktiv und freundlich an und \u00fcberreichten diesen die Flyer. Selbstverst\u00e4ndlich bekamen auch die Charaktere aus den verschiedensten Computerspielen einen Flyer.<\/p>\n<p>&nbsp;<\/p>\n\n<p>[\/row]<br \/>\n[\/full_width]<\/p>\n","protected":false},"excerpt":{"rendered":"<p>[full_width] [row narrowcontent=&#8221;true&#8221;\u00a0header=&#8221;Messehostessen&#8221; headertype=&#8221;3&#8243; space=&#8221;false&#8221;] Messen gibt es zu fast jedem Thema und in zahlreichen St\u00e4dten. Durch die hohen Besucherzahlen und eine herausragende\u00a0Kontaktqualit\u00e4t bieten Messen eine ideale Plattform f\u00fcr themenspezifische und zielgruppenorientierte Promotionaktionen. Neben der der Wahl richtigen Messe, ist aber auch gut geschultes und motiviertes Personal der Schl\u00fcssel zu einer erfolgreichen Messepr\u00e4senz. Standgeb\u00fchren, wie &#8230; <span\" class=\"link-primary\">read more<\/span><\/p>\n","protected":false},"author":2,"featured_media":0,"parent":0,"menu_order":17,"comment_status":"closed","ping_status":"closed","template":"","meta":{"_acf_changed":false,"footnotes":""},"class_list":["post-2365","page","type-page","status-publish","hentry"],"acf":[],"_links":{"self":[{"href":"https:\/\/www.st-promotions.de\/en\/wp-json\/wp\/v2\/pages\/2365","targetHints":{"allow":["GET"]}}],"collection":[{"href":"https:\/\/www.st-promotions.de\/en\/wp-json\/wp\/v2\/pages"}],"about":[{"href":"https:\/\/www.st-promotions.de\/en\/wp-json\/wp\/v2\/types\/page"}],"author":[{"embeddable":true,"href":"https:\/\/www.st-promotions.de\/en\/wp-json\/wp\/v2\/users\/2"}],"replies":[{"embeddable":true,"href":"https:\/\/www.st-promotions.de\/en\/wp-json\/wp\/v2\/comments?post=2365"}],"version-history":[{"count":5,"href":"https:\/\/www.st-promotions.de\/en\/wp-json\/wp\/v2\/pages\/2365\/revisions"}],"predecessor-version":[{"id":26771,"href":"https:\/\/www.st-promotions.de\/en\/wp-json\/wp\/v2\/pages\/2365\/revisions\/26771"}],"wp:attachment":[{"href":"https:\/\/www.st-promotions.de\/en\/wp-json\/wp\/v2\/media?parent=2365"}],"curies":[{"name":"wp","href":"https:\/\/api.w.org\/{rel}","templated":true}]}}