{"id":33,"date":"2011-10-04T23:51:17","date_gmt":"2011-10-04T21:51:17","guid":{"rendered":"http:\/\/localhost:8888\/st_promotions\/?page_id=33"},"modified":"2026-03-04T19:26:12","modified_gmt":"2026-03-04T19:26:12","slug":"out-store-promotions","status":"publish","type":"page","link":"https:\/\/www.st-promotions.de\/en\/out-store-promotions\/","title":{"rendered":"Out Store"},"content":{"rendered":"<h2><img loading=\"lazy\" decoding=\"async\" class=\"aligncenter size-full wp-image-20787\" src=\"https:\/\/www.st-promotions.de\/wp-content\/uploads\/2018\/07\/Fanta4_MUC_85.jpg\" alt=\"\" width=\"800\" height=\"533\" \/><\/h2>\n<h2>Im direkten Dialog mit der\u00a0Zielgruppe<\/h2>\n<p style=\"text-align: left;\">Um ihre <strong>Zielgruppe<\/strong> ohne Streuverluste zu erreichen entwickeln wir kreative Samplingkonzepte, welche den Kundenerfolg im Fokus haben. Im Mittelpunkt dieser Konzepte steht der messbare Erfolg.\u00a0Viele Unternehmen haben\u00a0ihre Spendings\u00a0zugunsten von Below-the-Line Ma\u00dfnahmen ver\u00e4ndert.<br \/>\nDiese Unternehmen stellen schon heute gro\u00dfe Mengen an Samplingmaterial f\u00fcr ihre nationalen und internationalen Kampagnen zur Verf\u00fcgung. So wird nicht nur eine <strong>hohe Kontaktanzahl<\/strong> generiert sondern zudem ein nachhaltiges Markenerlebnis vermittelt. Produktsampling boomt, vor allem weil hierdurch ausgezeichnete Kontakte geschaffen werden und die Verbraucher direkt vor ihrer Kaufentscheidung angesprochen werden k\u00f6nnen.\u00a0Auch diese Unternehmen wissen, dass 70 % aller Kaufentscheidungen am POS getroffen werden und zwei von drei Teilnehmern an Produktverkostungen das beworbene Produkt in der Folge auch k\u00e4uflich erworben haben.<br \/>\nDurch unsere langj\u00e4hrige Erfahrung in der strategischen Beratung und der erfolgreichen Umsetzung der <strong>Promotionaktionen<\/strong> k\u00f6nnen wir unseren Kunden h\u00f6chste Qualit\u00e4tsstandards garantieren.<\/p>\n<p style=\"text-align: left;\">Zielgruppenkongruente, gut geplante Samplings oder Auslagen in zum Produkt passenden Locations sind h\u00f6chst<strong> effiziente Ma\u00dfnahmen<\/strong>, um im Kampf um den Kunden die Nase vorn zu haben.\u00a0Da werbliche Aktivit\u00e4ten auf \u00f6ffentlichem Grund zum Teil strengen Restriktionen unterliegen, recherchieren wir f\u00fcr Ihre Aktionen die passenden genehmigungsf\u00e4higen Locations. Diese Orte garantieren idealerweise eine hohe Passantenfrequenz, dazu geh\u00f6ren Bahnh\u00f6fe, Flugh\u00e4fen, Universit\u00e4ten, Verbraucherm\u00e4rkte, Fashion-Shops, Messen, Schwimmb\u00e4der u.v.a.m.<br \/>\nST-PROMOTIONS steht f\u00fcr innovative<strong> Samplings<\/strong> und Auslagen an zielgruppenaffinen Orten und zu passenden Anl\u00e4ssen:<br \/>\nFr\u00fchling, Sommer, Herbst und Winter, Ostern, Pfingsten, Weihnachten, Meisterschaft, Muttertag, Urlaubszeit, Hitzefrei, Skisaison, Messen, Kongresse, Kieler Woche, Oktoberfest\u2026<\/p>\n<p style=\"text-align: left;\">Sie sagen uns wer Ihre Zielgruppe ist und wir sagen Ihnen, wo\u00a0Sie Ihre Zielgruppe treffen. Ob Autobahnrastst\u00e4tten, F\u00e4hranleger, S-Bahnen oder Freib\u00e4der, das Repertoire an innovativen Sampling-und Auslagem\u00f6glichkeiten ist nahezu unbegrenzt.<\/p>\n<p>&nbsp;<\/p>\n\n<p>[full_width]<\/p>\n<h2><\/h2>\n<p>[row narrowcontent=&#8221;true&#8221; color=&#8221;primary&#8221; header=&#8221;Case Studies&#8221; headertype=&#8221;2&#8243;]<\/p>\n<h3 style=\"text-align: center;\">Flughafen Hamburg<\/h3>\n<p>Um die Flugg\u00e4ste auf die vielf\u00e4ltigen Angebote am Hamburg Airport Helmut Schmidt hinzuweisen, wurde unsere Promotionagentur mit dem Sampling von Informationsflyern, welche mit Rabattcoupons versehen waren, beauftragt. Zu Beginn der Sommerferien im Norden Deutschlands waren hierzu Promoter \u00fcber einen Zeitraum von 2 Wochen im Einsatz.<\/p>\n<p>Die Flyer wurden von den Reisenden gerne angenommen und erzeugten bei den teilnehmenden Shops am Hamburger Flughafen f\u00fcr einen merklich erh\u00f6hten Zulauf an Kundschaft.<\/p>\n<div id=\"attachment_20803\" style=\"width: 310px\" class=\"wp-caption aligncenter\"><img loading=\"lazy\" decoding=\"async\" aria-describedby=\"caption-attachment-20803\" class=\"wp-image-20803 size-medium\" src=\"https:\/\/www.st-promotions.de\/wp-content\/uploads\/2018\/07\/sampling2-300x300.jpg\" alt=\"Sampling am Helmut Schmidt Flughafen Hamburg\" width=\"300\" height=\"300\" \/><p id=\"caption-attachment-20803\" class=\"wp-caption-text\">Promoter am Airport Hamburg<\/p><\/div>\n<h3 style=\"text-align: center;\">Konzerthallen<\/h3>\n<p style=\"text-align: left;\">Die Pop-Prinzessin Britney Spears entwickelt und vermarktet zusammen mit Elizabeth Arden Inc. eine eigene Kosmetikreihe mit D\u00fcften, Hautpflegeprodukten und Farbkosmetika.<br \/>\nUm ihren Duft \u201eFantasy\u201c zu bewerben, f\u00fchrte unsere Agentur Samplingaktionen auf vier gemeinsamen Konzerten der Boygroups \u201eNew Kids on the Block\u201c und \u201eBackstreet Boys\u201c durch. Es wurden Sampling-Promotions in <em>Berlin, Hamburg, Leipzig <\/em>und<em> Stuttgart<\/em> durchgef\u00fchrt, dabei wurden vor und nach den Konzerten Duftproben an die Boy-Group-Fans verteilt.\u00a0In fantasievollen pinken Outfits verteilten Duftproben und Tattoos an die Konzertbesucher.<br \/>\nBei den anschlie\u00dfenden Konzerten waren die Hallen durchzogen vom neuen Britney Spears Duft.<\/p>\n<div id=\"attachment_19396\" style=\"width: 310px\" class=\"wp-caption aligncenter\"><img loading=\"lazy\" decoding=\"async\" aria-describedby=\"caption-attachment-19396\" class=\"wp-image-19396 size-medium\" src=\"https:\/\/www.st-promotions.de\/wp-content\/uploads\/2011\/10\/Sampling-vor-Konzerthallen-300x300.jpg\" alt=\"Samplingaktion zur aha Tournee\" width=\"300\" height=\"300\" \/><p id=\"caption-attachment-19396\" class=\"wp-caption-text\">Sampling-Promotion\u00a0vor Konzerthallen<\/p><\/div>\n<p>[\/row]<br \/>\n[\/full_width]<\/p>\n","protected":false},"excerpt":{"rendered":"<p>Im direkten Dialog mit der\u00a0Zielgruppe Um ihre Zielgruppe ohne Streuverluste zu erreichen entwickeln wir kreative Samplingkonzepte, welche den Kundenerfolg im Fokus haben. Im Mittelpunkt dieser Konzepte steht der messbare Erfolg.\u00a0Viele Unternehmen haben\u00a0ihre Spendings\u00a0zugunsten von Below-the-Line Ma\u00dfnahmen ver\u00e4ndert. Diese Unternehmen stellen schon heute gro\u00dfe Mengen an Samplingmaterial f\u00fcr ihre nationalen und internationalen Kampagnen zur Verf\u00fcgung. So &#8230; <span\" class=\"link-primary\">read more<\/span><\/p>\n","protected":false},"author":2,"featured_media":0,"parent":0,"menu_order":28,"comment_status":"closed","ping_status":"open","template":"","meta":{"_acf_changed":false,"footnotes":""},"class_list":["post-33","page","type-page","status-publish","hentry"],"acf":[],"_links":{"self":[{"href":"https:\/\/www.st-promotions.de\/en\/wp-json\/wp\/v2\/pages\/33","targetHints":{"allow":["GET"]}}],"collection":[{"href":"https:\/\/www.st-promotions.de\/en\/wp-json\/wp\/v2\/pages"}],"about":[{"href":"https:\/\/www.st-promotions.de\/en\/wp-json\/wp\/v2\/types\/page"}],"author":[{"embeddable":true,"href":"https:\/\/www.st-promotions.de\/en\/wp-json\/wp\/v2\/users\/2"}],"replies":[{"embeddable":true,"href":"https:\/\/www.st-promotions.de\/en\/wp-json\/wp\/v2\/comments?post=33"}],"version-history":[{"count":5,"href":"https:\/\/www.st-promotions.de\/en\/wp-json\/wp\/v2\/pages\/33\/revisions"}],"predecessor-version":[{"id":26745,"href":"https:\/\/www.st-promotions.de\/en\/wp-json\/wp\/v2\/pages\/33\/revisions\/26745"}],"wp:attachment":[{"href":"https:\/\/www.st-promotions.de\/en\/wp-json\/wp\/v2\/media?parent=33"}],"curies":[{"name":"wp","href":"https:\/\/api.w.org\/{rel}","templated":true}]}}