{"id":2,"date":"2015-04-15T08:59:57","date_gmt":"2015-04-15T06:59:57","guid":{"rendered":"https:\/\/www.st-promotions.de\/es\/?page_id=2"},"modified":"2026-02-06T15:39:41","modified_gmt":"2026-02-06T14:39:41","slug":"home","status":"publish","type":"page","link":"https:\/\/www.st-promotions.de\/es\/","title":{"rendered":"Home"},"content":{"rendered":"<p>[full_width]<br \/>\n[parallax imgsrc=&#8220;https:\/\/www.st-promotions.de\/wp-content\/themes\/nonus\/assets\/img\/parallax\/background-alster-ballon.jpg&#8220;]<br \/>\n<a href=\"https:\/\/www.st-promotions.de\/en\/portfolio\/\">[header type=&#8220;2&#8243;]Our Work[\/header]<\/a><br \/>\n[works_slider limit=&#8220;18&#8243;]<br \/>\n[\/parallax]<\/p>\n<p>[row narrowcontent=&#8220;true&#8220;\u00a0header=&#8220;Publicidad a prueba de zapping&#8220; headertype=&#8220;2&#8243; space=&#8220;false&#8220;]<\/p>\n<p style=\"text-align: justify;\">En la actualidad nos vemos abrumados por un mar de &#8222;Noticias de \u00faltimo momento&#8220;, &#8222;Sucesos&#8220; e &#8222;Informaci\u00f3n de actualidad&#8220;, por lo que tendemos a crear un efecto inverso teniendo menos en cuenta esta informaci\u00f3n, y en efecto pasamos por alto los carteles publicitarios, nos saltamos los anuncios en los peri\u00f3dicos y hacemos zapping cuando aparecen anuncios en televisi\u00f3n.<\/p>\n<p style=\"text-align: justify;\">Aquellos que buscan comunicar algo a sus clientes y competir por su grupo objetivo en este mercado tan competitivo, hoy en d\u00eda se encontrar\u00e1n frente a un nuevo problema si lo que utilizan es \u00fanicamente la publicidad cl\u00e1sica. Es por esto que muchas empresas ya han cambiado su forma de hacer <em>marketing<\/em> y se han inclinado a favor de la publicidad con promotores, debido a que la publicidad de contacto personalizada se encuentra hoy en primer plano.<\/p>\n<p style=\"text-align: justify;\">Nuestras campa\u00f1as field-marketing\u00a0ofrecen una exposici\u00f3n publicitaria la que no emplea ning\u00fan otro medio de transporte publicitario m\u00e1s que los promotores y el producto en s\u00ed. Ya que finalmente, siempre es el producto el mediador m\u00e1s cre\u00edble cuando se trata de sus beneficios e incentivos de consumo. Esto representa mayor cercan\u00eda, menos p\u00e9rdida y atenci\u00f3n garantizada. La gran ventaja de esta forma de hacer publicidad es que los potenciales consumidores tendr\u00e1n la oportunidad de probar un nuevo producto, un nueva versi\u00f3n de aquel o simplemente un producto que ya cuenta con una gran popularidad. Es decir, una experiencia irresistible a prueba de zapping.<\/p>\n<p style=\"text-align: justify;\">Las variantes de este tipo de publicidad, durante lanzamientos, campa\u00f1as o relanzamiento de productos, son inmensas.<\/p>\n<p style=\"text-align: justify;\">Desde el dise\u00f1o y el asesoramiento hasta la implementaci\u00f3n y la creaci\u00f3n de informes detallados, as\u00ed como la adquisici\u00f3n del equipo promocional y los medios publicitarios, ST PROMOTIONS proporciona todo lo necesario para una campa\u00f1a efectiva y exitosa. Como agencia activa a trav\u00e9s de todo Alemania, ST PROMOTIONS asesora a diversas grandes marcas y en este aspecto nos respalda en una exitosa trayectoria de m\u00e1s de 30 a\u00f1os.<\/p>\n<p style=\"text-align: justify;\">Mayor informaci\u00f3n sobre nuestros servicios se encuentra disponible en ingl\u00e9s en nuestro sitio web <a href=\"https:\/\/www.st-promotions.de\/en\/\">www.st-promotions.de\/en\/<\/a>.<\/p>\n<p style=\"text-align: justify;\">Nos complace recibir sus consultas tanto como <span style=\"line-height: 1.5;\">\u00a0en <\/span><a style=\"line-height: 1.5;\" title=\"Cotizaci\u00f3n en L\u00ednea - Alem\u00e1n\" href=\"https:\/\/www.st-promotions.de\/promotion-personal\/\">alem\u00e1n<\/a><span style=\"line-height: 1.5;\">, <\/span><a style=\"line-height: 1.5;\" title=\"Cotizaci\u00f3n en L\u00ednea - Ingl\u00e9s\" href=\"https:\/\/www.st-promotions.de\/en\/online-inquiry\/\">ingl\u00e9s<\/a><span style=\"line-height: 1.5;\"> o <\/span><a style=\"line-height: 1.5;\" title=\"Cotizaci\u00f3n en L\u00ednea - Franc\u00e9s\" href=\"https:\/\/www.st-promotions.de\/fr\/demande-de-devis-en-ligne\/\">franc\u00e9s<\/a><span style=\"line-height: 1.5;\">.<\/span><\/p>\n<p style=\"text-align: justify;\">Su agencia de azafatas y promotoras para toda Alemania: ST-PROMOTIONS &#8211; Tel.: <a title=\"Callback-Service\" href=\"https:\/\/www.st-promotions.de\/en\/callback-service\/\">+49.40.38.60.82.0<\/a><\/p>\n<p>[\/row]<br \/>\n[\/full_width]<\/p>\n","protected":false},"excerpt":{"rendered":"<p>[full_width] [parallax imgsrc=&#8220;https:\/\/www.st-promotions.de\/wp-content\/themes\/nonus\/assets\/img\/parallax\/background-alster-ballon.jpg&#8220;] [header type=&#8220;2&#8243;]Our Work[\/header] [works_slider limit=&#8220;18&#8243;] [\/parallax] [row narrowcontent=&#8220;true&#8220;\u00a0header=&#8220;Publicidad a prueba de zapping&#8220; headertype=&#8220;2&#8243; space=&#8220;false&#8220;] En la actualidad nos vemos abrumados por un mar de &#8222;Noticias de \u00faltimo momento&#8220;, &#8222;Sucesos&#8220; e &#8222;Informaci\u00f3n de actualidad&#8220;, por lo que tendemos a crear un efecto inverso teniendo menos en cuenta esta informaci\u00f3n, y en efecto pasamos &#8230; <span\" class=\"link-primary\">read more<\/span><\/p>\n","protected":false},"author":1,"featured_media":0,"parent":0,"menu_order":0,"comment_status":"closed","ping_status":"closed","template":"","meta":{"_acf_changed":false,"footnotes":""},"class_list":["post-2","page","type-page","status-publish","hentry"],"acf":[],"_links":{"self":[{"href":"https:\/\/www.st-promotions.de\/es\/wp-json\/wp\/v2\/pages\/2","targetHints":{"allow":["GET"]}}],"collection":[{"href":"https:\/\/www.st-promotions.de\/es\/wp-json\/wp\/v2\/pages"}],"about":[{"href":"https:\/\/www.st-promotions.de\/es\/wp-json\/wp\/v2\/types\/page"}],"author":[{"embeddable":true,"href":"https:\/\/www.st-promotions.de\/es\/wp-json\/wp\/v2\/users\/1"}],"replies":[{"embeddable":true,"href":"https:\/\/www.st-promotions.de\/es\/wp-json\/wp\/v2\/comments?post=2"}],"version-history":[{"count":5,"href":"https:\/\/www.st-promotions.de\/es\/wp-json\/wp\/v2\/pages\/2\/revisions"}],"predecessor-version":[{"id":4448,"href":"https:\/\/www.st-promotions.de\/es\/wp-json\/wp\/v2\/pages\/2\/revisions\/4448"}],"wp:attachment":[{"href":"https:\/\/www.st-promotions.de\/es\/wp-json\/wp\/v2\/media?parent=2"}],"curies":[{"name":"wp","href":"https:\/\/api.w.org\/{rel}","templated":true}]}}