{"id":13,"date":"2011-10-04T23:47:21","date_gmt":"2011-10-04T21:47:21","guid":{"rendered":"http:\/\/localhost:8888\/st_promotions\/?page_id=13"},"modified":"2025-08-20T08:25:56","modified_gmt":"2025-08-20T07:25:56","slug":"references","status":"publish","type":"page","link":"https:\/\/www.st-promotions.de\/fr\/references\/","title":{"rendered":"R\u00e9f\u00e9rences"},"content":{"rendered":"<p>[full_width]<br \/>\n[row header=\u00a0\u00bbAuf dem Kundenerfolg liegt der Fokus unserer Arbeit\u00a0\u00bb class=\u00a0\u00bbreferenzen\u00a0\u00bb]<\/p>\n<p>Wir danken unseren langj\u00e4hrigen Kunden f\u00fcr ihre Treue und hoffen mit unseren neuen Kunden einen ebenso langen Weg gemeinsam gehen zu k\u00f6nnen.<br \/>\nDenn<span style=\"color: #4c4c4c;\">\u00a0die Ziele unserer Kunden sind auch unsere: gemeinsam erreichen wir den gew\u00fcnschten Erfolg.<br \/>\n<\/span>[row header=\u00a0\u00bbUnsere Kunden\u00a0\u00bb class=\u00a0\u00bbreferenzen\u00a0\u00bb]<br \/>\n<span style=\"font-size: 13px;\">[mediagrid cat=\u00a0\u00bb192&Prime; title_under=\u00a0\u00bb0&Prime; filter=\u00a0\u00bb1&Prime;]<br \/>\n<\/span>[\/row]<br \/>\n[\/full_width]<\/p>\n","protected":false},"excerpt":{"rendered":"<p>[full_width] [row header=\u00a0\u00bbAuf dem Kundenerfolg liegt der Fokus unserer Arbeit\u00a0\u00bb class=\u00a0\u00bbreferenzen\u00a0\u00bb] Wir danken unseren langj\u00e4hrigen Kunden f\u00fcr ihre Treue und hoffen mit unseren neuen Kunden einen ebenso langen Weg gemeinsam gehen zu k\u00f6nnen. Denn\u00a0die Ziele unserer Kunden sind auch unsere: gemeinsam erreichen wir den gew\u00fcnschten Erfolg. [row header=\u00a0\u00bbUnsere Kunden\u00a0\u00bb class=\u00a0\u00bbreferenzen\u00a0\u00bb] [mediagrid cat=\u00a0\u00bb192&Prime; title_under=\u00a0\u00bb0&Prime; filter=\u00a0\u00bb1&Prime;] [\/row] &#8230; <span\" class=\"link-primary\">en savoir plus<\/span><\/p>\n","protected":false},"author":2,"featured_media":0,"parent":0,"menu_order":24,"comment_status":"closed","ping_status":"open","template":"","meta":{"_acf_changed":false,"footnotes":""},"class_list":["post-13","page","type-page","status-publish","hentry"],"acf":[],"_links":{"self":[{"href":"https:\/\/www.st-promotions.de\/fr\/wp-json\/wp\/v2\/pages\/13","targetHints":{"allow":["GET"]}}],"collection":[{"href":"https:\/\/www.st-promotions.de\/fr\/wp-json\/wp\/v2\/pages"}],"about":[{"href":"https:\/\/www.st-promotions.de\/fr\/wp-json\/wp\/v2\/types\/page"}],"author":[{"embeddable":true,"href":"https:\/\/www.st-promotions.de\/fr\/wp-json\/wp\/v2\/users\/2"}],"replies":[{"embeddable":true,"href":"https:\/\/www.st-promotions.de\/fr\/wp-json\/wp\/v2\/comments?post=13"}],"version-history":[{"count":5,"href":"https:\/\/www.st-promotions.de\/fr\/wp-json\/wp\/v2\/pages\/13\/revisions"}],"predecessor-version":[{"id":26360,"href":"https:\/\/www.st-promotions.de\/fr\/wp-json\/wp\/v2\/pages\/13\/revisions\/26360"}],"wp:attachment":[{"href":"https:\/\/www.st-promotions.de\/fr\/wp-json\/wp\/v2\/media?parent=13"}],"curies":[{"name":"wp","href":"https:\/\/api.w.org\/{rel}","templated":true}]}}