{"id":18694,"date":"2015-03-10T15:04:02","date_gmt":"2015-03-10T14:04:02","guid":{"rendered":"https:\/\/www.st-promotions.de\/?page_id=18694"},"modified":"2026-03-06T17:22:02","modified_gmt":"2026-03-06T16:22:02","slug":"appli-mobile-au-shopper-marketing","status":"publish","type":"page","link":"https:\/\/www.st-promotions.de\/fr\/appli-mobile-au-shopper-marketing\/","title":{"rendered":"Appli mobile"},"content":{"rendered":"<p>&nbsp;<\/p>\n<p><img loading=\"lazy\" decoding=\"async\" class=\" size-full wp-image-18706 aligncenter\" src=\"https:\/\/www.st-promotions.de\/wp-content\/uploads\/2015\/03\/dais-ipad-landscape.png\" alt=\"dais-ipad-landscape\" width=\"600\" height=\"474\" \/><\/p>\n<p style=\"text-align: center;\"><em>Beispiel iPad &#8211; Mobile Datenerfassung im Au\u00dfendienst<\/em><\/p>\n<h2 style=\"text-align: center;\"><span style=\"color: #ff6600;\"><span style=\"color: #000000;\"><strong>D<\/strong><\/span>aten<span style=\"color: #000000;\"><strong>A<\/strong><\/span>nalyse und <span style=\"color: #000000;\"><strong>I<\/strong><\/span>nformations<span style=\"color: #000000;\"><strong>S<\/strong><\/span>ystem<\/span><\/h2>\n<p style=\"text-align: left;\"><strong>D.A.I.S.<\/strong> ist die speziell f\u00fcr unsere Au\u00dfendienstteams entwickelte Anwendung mit der alle relevanten, vor Ort erhobenen Informationen innerhalb k\u00fcrzester Zeit erfasst und verarbeitet werden k\u00f6nnen.<\/p>\n<p style=\"text-align: left;\">Mit <strong>D.A.I.S.<\/strong> sind unsere Mitarbeiter in der Lage Ihren hart umk\u00e4mpften Platz am POS erfolgreich zu sichern.<\/p>\n<p style=\"text-align: left;\">Einen \u00dcberblick \u00fcber die Positionierung Ihrer Produkte am POS sind mit unserem Erfassungssystem per Knopfdruck erh\u00e4ltlich.<\/p>\n<p style=\"text-align: left;\"><strong>D.A.I.S.<\/strong> liefert die gew\u00fcnschten Informationen zum richtigen Zeitpunkt und gibt einen schnellen und exakten \u00dcberblick sowohl auf der Makro-, als auch auf der Mikroebene. So bietet unser Datenerfassungstool in Verbindung mit einem individuell abstimmbaren Berichtswesen zu jedem Zeitpunkt Informationen \u00fcber alle gew\u00fcnschten Produkte, eigene und die der Konkurrenz, in jedem regionalen Bezug, in jedem gew\u00fcnschten Zeitraum.<\/p>\n<p style=\"text-align: left;\">Mit <strong>D.A.I.S.<\/strong> k\u00f6nnen wir sich entwickelnde Marktchancen fr\u00fchzeitig erkennen und verf\u00fcgen \u00fcber Kontrollmechanismen f\u00fcr alle relevanten Parameter.<\/p>\n<p style=\"text-align: left;\">Mit<strong> D.A.I.S. \u00a0<\/strong>helfen wir Ihren Etat effizient zu f\u00fchren und Kosten einzusparen.<\/p>\n","protected":false},"excerpt":{"rendered":"<p>&nbsp; Beispiel iPad &#8211; Mobile Datenerfassung im Au\u00dfendienst DatenAnalyse und InformationsSystem D.A.I.S. ist die speziell f\u00fcr unsere Au\u00dfendienstteams entwickelte Anwendung mit der alle relevanten, vor Ort erhobenen Informationen innerhalb k\u00fcrzester Zeit erfasst und verarbeitet werden k\u00f6nnen. Mit D.A.I.S. sind unsere Mitarbeiter in der Lage Ihren hart umk\u00e4mpften Platz am POS erfolgreich zu sichern. Einen \u00dcberblick &#8230; <span\" class=\"link-primary\">en savoir plus<\/span><\/p>\n","protected":false},"author":2,"featured_media":0,"parent":0,"menu_order":0,"comment_status":"open","ping_status":"closed","template":"","meta":{"_acf_changed":false,"footnotes":""},"class_list":["post-18694","page","type-page","status-publish","hentry"],"acf":[],"_links":{"self":[{"href":"https:\/\/www.st-promotions.de\/fr\/wp-json\/wp\/v2\/pages\/18694","targetHints":{"allow":["GET"]}}],"collection":[{"href":"https:\/\/www.st-promotions.de\/fr\/wp-json\/wp\/v2\/pages"}],"about":[{"href":"https:\/\/www.st-promotions.de\/fr\/wp-json\/wp\/v2\/types\/page"}],"author":[{"embeddable":true,"href":"https:\/\/www.st-promotions.de\/fr\/wp-json\/wp\/v2\/users\/2"}],"replies":[{"embeddable":true,"href":"https:\/\/www.st-promotions.de\/fr\/wp-json\/wp\/v2\/comments?post=18694"}],"version-history":[{"count":5,"href":"https:\/\/www.st-promotions.de\/fr\/wp-json\/wp\/v2\/pages\/18694\/revisions"}],"predecessor-version":[{"id":24541,"href":"https:\/\/www.st-promotions.de\/fr\/wp-json\/wp\/v2\/pages\/18694\/revisions\/24541"}],"wp:attachment":[{"href":"https:\/\/www.st-promotions.de\/fr\/wp-json\/wp\/v2\/media?parent=18694"}],"curies":[{"name":"wp","href":"https:\/\/api.w.org\/{rel}","templated":true}]}}