{"id":19812,"date":"2017-01-27T13:34:35","date_gmt":"2017-01-27T12:34:35","guid":{"rendered":"https:\/\/www.st-promotions.de\/?page_id=19812"},"modified":"2023-04-18T16:45:45","modified_gmt":"2023-04-18T15:45:45","slug":"staff-au-festival","status":"publish","type":"page","link":"https:\/\/www.st-promotions.de\/fr\/staff-au-festival\/","title":{"rendered":"Staff aux festivals"},"content":{"rendered":"<p>[full_width]<br \/>\n[row narrowcontent=\u00a0\u00bbtrue\u00a0\u00bb\u00a0header=\u00a0\u00bbPromoter auf Festivals\u00a0\u00bb headertype=\u00a0\u00bb3&Prime; space=\u00a0\u00bbfalse\u00a0\u00bb]<\/p>\n<p>&nbsp;<\/p>\n<p>&nbsp;<\/p>\n\n<p>Deutschland ist das Land der Musikfestivals. Ob es das weltbekannte Heavy Metal Festival \u201eWacken\u201c ist, das norddeutsche Rockfestival am Meer \u201eDeichbrand\u201c oder das\u00a0 Artfestival in Reichenbach ist. F\u00fcr jeden, der Musik mag, ist das Festival genau der richtige Ort im Sommer.<\/p>\n<p>Festivalg\u00e4nger genie\u00dfen die positive und euphorische Stimmung, die w\u00e4hrend solcher Festivals herrscht und sind offen ihren Mitmenschen gegen\u00fcber. Diese Offenheit eignet sich auch besonders f\u00fcr Promotionaktionen.<\/p>\n<p>Durch unsere langj\u00e4hrige Erfahrung k\u00f6nnen wir Ihnen mit Rat zu Seite stehen, auf welchem Festival die richtige Zielgruppe f\u00fcr Ihre Promotionaktion anzufinden ist und welche Promoter am besten f\u00fcr das jeweilige Festival geeignet sind.<\/p>\n<p style=\"text-align: justify;\">Von Promotionst\u00e4nden auf kleine Festivals bis zu aufw\u00e4ndigen und auff\u00e4lligen Promotionbereichen f\u00fcr Festivals ab 20.000 Besuchern bieten wir Ihnen gerne das passende Standequipment. Auch. Streuartikel, wie z.B. Regenponchos, die auf Festivals immer besonders beliebt sind, lassen wir f\u00fcr Sie bedrucken und verteilen, sodass Ihre Marke der Hit auf jedem Festival wird.<\/p>\n<p>[\/row]<\/p>\n<hr \/>\n<p>[row narrowcontent=\u00a0\u00bbtrue\u00a0\u00bb color=\u00a0\u00bbprimary\u00a0\u00bb header=\u00a0\u00bbCase Studies\u00a0\u00bb headertype=\u00a0\u00bb2&Prime;]<\/p>\n<h3 style=\"text-align: center;\">PROMOTION AUF ROCK-FESTIVALS<\/h3>\n<p>Die Metalheads und auch Freunde des Indie-Rocks, r\u00fcsten sich als eingefleischte Festivalg\u00e4nger mit Bandmerchandise wie T-Shirts und Pullovern aus, um ihre Lieblingsband vor Ort zu supporten.<\/p>\n<p>F\u00fcr unseren Kunden EMP (Europas gr\u00f6\u00dfter Versandhandel in Rock-, Metal- und Entertainment Merchandise) haben wir mit gezielten Promotionaktionen auf mehreren Festivals eine direkte Kommunikation zu den potentiellen Kunden aufgebaut.<br \/>\nDie Musikfans erhielten\u00a0 bei der Promotionaktion beim Ausf\u00fcllen einer Kontaktkarte den aktuellen EMP-Katalog und eine gro\u00dfe Fahne, welche von vielen Festivalbesuchern stolz in ihren Camps gehisst wurde.<\/p>\n<p>Drei Promoter gingen bei dieser Aktion auf die feierw\u00fctigen Musikfreunde\u00a0 zu und machten auf die Promotionaktion aufmerksam und animierten zur Teilnahme.<br \/>\nDie generierten Kontaktdaten konnten von unserem Kunden f\u00fcr zuk\u00fcnftige Werbezwecke wie Dialog- und Direktmarketingma\u00dfnahmen verwendet werden.<\/p>\n<p><img loading=\"lazy\" decoding=\"async\" class=\"aligncenter wp-image-19542 size-full\" src=\"https:\/\/www.st-promotions.de\/wp-content\/uploads\/2016\/08\/IMG-20160514-WA0014.jpg\" alt=\"Festival Promotion\" width=\"1600\" height=\"1200\" \/><\/p>\n<hr \/>\n<h3 style=\"text-align: center;\">PROMOTION ZU KLASSISCHER MUSIK<\/h3>\n<p>Musikfestivals auf dem Land bieten f\u00fcr viele Kunden die perfekten Voraussetzungen zur zielgerichteten Werbema\u00dfnahme. Denn anhand der Pr\u00e4ferenz einer Musikrichtung oder dem Ambiente, wird auch vieles \u00fcber eine Zielgruppe ausgesagt, sodass treffsichere Konzepte zur Neukundengewinnung, oder nachhaltigen Kundenbindung durch Promotionaktionen gestaltet werden k\u00f6nnen.<\/p>\n<p>In einer malerischen Landschaft haben unsere Promoter auf dem Schleswig Holstein Musikfestival z.B. Ausgaben des Magazins \u201eLandlust\u201c bei sommerlichen Temperaturen an die Besucher verteilt.<\/p>\n<p>Die Besucher konnten sich somit bei klassischer Musik mit dem Inhalt der hochwertigen \u201eLandlust\u201c auseinandersetzen und zudem auch an einem Gewinnspiel teilnehmen.<\/p>\n<p>&nbsp;<\/p>\n\n<p>&nbsp;<\/p>\n<p>[\/row]<br \/>\n[\/full_width]<\/p>\n","protected":false},"excerpt":{"rendered":"<p>[full_width] [row narrowcontent=\u00a0\u00bbtrue\u00a0\u00bb\u00a0header=\u00a0\u00bbPromoter auf Festivals\u00a0\u00bb headertype=\u00a0\u00bb3&Prime; space=\u00a0\u00bbfalse\u00a0\u00bb] &nbsp; &nbsp; Deutschland ist das Land der Musikfestivals. Ob es das weltbekannte Heavy Metal Festival \u201eWacken\u201c ist, das norddeutsche Rockfestival am Meer \u201eDeichbrand\u201c oder das\u00a0 Artfestival in Reichenbach ist. F\u00fcr jeden, der Musik mag, ist das Festival genau der richtige Ort im Sommer. Festivalg\u00e4nger genie\u00dfen die positive und &#8230; <span\" class=\"link-primary\">en savoir plus<\/span><\/p>\n","protected":false},"author":2,"featured_media":0,"parent":0,"menu_order":0,"comment_status":"closed","ping_status":"closed","template":"","meta":{"_acf_changed":false,"footnotes":""},"class_list":["post-19812","page","type-page","status-publish","hentry"],"acf":[],"_links":{"self":[{"href":"https:\/\/www.st-promotions.de\/fr\/wp-json\/wp\/v2\/pages\/19812","targetHints":{"allow":["GET"]}}],"collection":[{"href":"https:\/\/www.st-promotions.de\/fr\/wp-json\/wp\/v2\/pages"}],"about":[{"href":"https:\/\/www.st-promotions.de\/fr\/wp-json\/wp\/v2\/types\/page"}],"author":[{"embeddable":true,"href":"https:\/\/www.st-promotions.de\/fr\/wp-json\/wp\/v2\/users\/2"}],"replies":[{"embeddable":true,"href":"https:\/\/www.st-promotions.de\/fr\/wp-json\/wp\/v2\/comments?post=19812"}],"version-history":[{"count":5,"href":"https:\/\/www.st-promotions.de\/fr\/wp-json\/wp\/v2\/pages\/19812\/revisions"}],"predecessor-version":[{"id":25847,"href":"https:\/\/www.st-promotions.de\/fr\/wp-json\/wp\/v2\/pages\/19812\/revisions\/25847"}],"wp:attachment":[{"href":"https:\/\/www.st-promotions.de\/fr\/wp-json\/wp\/v2\/media?parent=19812"}],"curies":[{"name":"wp","href":"https:\/\/api.w.org\/{rel}","templated":true}]}}