{"id":20698,"date":"2018-06-05T14:38:41","date_gmt":"2018-06-05T13:38:41","guid":{"rendered":"https:\/\/www.st-promotions.de\/?page_id=20698"},"modified":"2026-03-08T12:35:22","modified_gmt":"2026-03-08T11:35:22","slug":"shopper-marketing-en-europe","status":"publish","type":"page","link":"https:\/\/www.st-promotions.de\/fr\/shopper-marketing-en-europe\/","title":{"rendered":"R\u00e9seau europ\u00e9en"},"content":{"rendered":"<h2>Ihr Partner f\u00fcr Shopper Marketing Aktionen in Europa<img loading=\"lazy\" decoding=\"async\" class=\"aligncenter size-full wp-image-21241\" src=\"https:\/\/www.st-promotions.de\/wp-content\/uploads\/2019\/09\/oval-deutsch.png\" alt=\"\" width=\"1024\" height=\"768\" \/><\/h2>\n<p>Durch unser internationales Netzwerk sind wir mit 4 Agenturen in 7 europ\u00e4ischen L\u00e4ndern verbunden.<\/p>\n<p>Die Umsetzung der jeweiligen Promotionaktionen erfolgt in der Regel durch unseren lokalen Agentur-Partner. Die Koordination sowie alle Absprachen bez\u00fcglich der Zielsetzung und der Form der Umsetzung wird durch ST-PROMOTIONS gew\u00e4hrleistet.<\/p>\n<p>Wir freuen uns auf Ihre <a href=\"https:\/\/www.st-promotions.de\/promotion-personal\/\">Anfragen<\/a>.<\/p>\n<p>Weitere Informationen zu unserem europ\u00e4ischen Netzwerk finden Sie auch auf der Seite unseres <a href=\"https:\/\/shopper-mktg.com\/de\/\">Netzwerkes<\/a>.<\/p>\n","protected":false},"excerpt":{"rendered":"<p>Ihr Partner f\u00fcr Shopper Marketing Aktionen in Europa Durch unser internationales Netzwerk sind wir mit 4 Agenturen in 7 europ\u00e4ischen L\u00e4ndern verbunden. Die Umsetzung der jeweiligen Promotionaktionen erfolgt in der Regel durch unseren lokalen Agentur-Partner. Die Koordination sowie alle Absprachen bez\u00fcglich der Zielsetzung und der Form der Umsetzung wird durch ST-PROMOTIONS gew\u00e4hrleistet. Wir freuen uns &#8230; <span\" class=\"link-primary\">en savoir plus<\/span><\/p>\n","protected":false},"author":2,"featured_media":0,"parent":0,"menu_order":0,"comment_status":"closed","ping_status":"closed","template":"","meta":{"_acf_changed":false,"footnotes":""},"class_list":["post-20698","page","type-page","status-publish","hentry"],"acf":[],"_links":{"self":[{"href":"https:\/\/www.st-promotions.de\/fr\/wp-json\/wp\/v2\/pages\/20698","targetHints":{"allow":["GET"]}}],"collection":[{"href":"https:\/\/www.st-promotions.de\/fr\/wp-json\/wp\/v2\/pages"}],"about":[{"href":"https:\/\/www.st-promotions.de\/fr\/wp-json\/wp\/v2\/types\/page"}],"author":[{"embeddable":true,"href":"https:\/\/www.st-promotions.de\/fr\/wp-json\/wp\/v2\/users\/2"}],"replies":[{"embeddable":true,"href":"https:\/\/www.st-promotions.de\/fr\/wp-json\/wp\/v2\/comments?post=20698"}],"version-history":[{"count":5,"href":"https:\/\/www.st-promotions.de\/fr\/wp-json\/wp\/v2\/pages\/20698\/revisions"}],"predecessor-version":[{"id":26538,"href":"https:\/\/www.st-promotions.de\/fr\/wp-json\/wp\/v2\/pages\/20698\/revisions\/26538"}],"wp:attachment":[{"href":"https:\/\/www.st-promotions.de\/fr\/wp-json\/wp\/v2\/media?parent=20698"}],"curies":[{"name":"wp","href":"https:\/\/api.w.org\/{rel}","templated":true}]}}