{"id":4,"date":"2011-10-04T23:46:10","date_gmt":"2011-10-04T21:46:10","guid":{"rendered":"http:\/\/localhost:8888\/st_promotions\/?page_id=4"},"modified":"2026-05-06T11:35:11","modified_gmt":"2026-05-06T10:35:11","slug":"equipe","status":"publish","type":"page","link":"https:\/\/www.st-promotions.de\/fr\/equipe\/","title":{"rendered":"\u00c9quipe"},"content":{"rendered":"<h2>Wir sagen, was wir denken und wir tun, was wir sagen<\/h2>\n<p>Unsere Mitarbeiter halten unser Schiff auf Kurs. Ihre Fachkompetenz, ihre Leidenschaft, ihre Kreativit\u00e4t und ihr Einf\u00fchlungsverm\u00f6gen sind bestimmend f\u00fcr den Erfolg unserer Agentur.<\/p>\n<p>[row]<br \/>\n[third_column]<\/p>\n<div class=\"team_container\">\n<div class=\"team_card\">\n<div class=\"front face\">\n<figure><img decoding=\"async\" src=\"https:\/\/www.st-promotions.de\/wp-content\/themes\/nonus\/assets\/img\/team\/birgit-kind.png\" alt=\"\" \/><figcaption class=\"team_text\">Birgit Sander<br \/>\nMember of the board<\/figcaption><\/figure>\n<\/div>\n<div class=\"back face center\">\n<figure><img decoding=\"async\" src=\"https:\/\/www.st-promotions.de\/wp-content\/themes\/nonus\/assets\/img\/team\/birgit.png\" alt=\"\" \/><figcaption class=\"team_text\">Birgit Sander<br \/>\nMember of the board<\/figcaption><\/figure>\n<\/div>\n<\/div>\n<\/div>\n<p>[\/third_column]<br \/>\n[two_thirds_column]<\/p>\n<p><strong>Geboren in D\u00fcsseldorf<\/strong><\/p>\n<p style=\"text-align: left;\">Sie absolvierte das Studium der Wirtschaftswissenschaften in Duisburg, welches sie als Diplom Kauffrau abschloss. W\u00e4hrend zweier Urlaubssemester besuchte sie die Indiana University of Pennsylvania (USA) und erwarb dort den MBA. Sie war bei der Werbeagentur Grey besch\u00e4ftigt und dort in erster Linie mit Spotplacement betraut.<\/p>\n<p style=\"text-align: left;\">Seit 1996 unterst\u00fctzt sie unser Team. Bei ST-PROMOTIONS leitete sie zun\u00e4chst unsere Filiale in D\u00fcsseldorf, um dann \u2013 nach einer Babypause \u2013 in unserem Haupthaus in Hamburg hauptverantwortlich in der Kundenbetreuung zu agieren.<\/p>\n<p>[\/two_thirds_column]<br \/>\n[\/row]<br \/>\n[row]<br \/>\n[third_column]<\/p>\n<div class=\"team_container\">\n<div class=\"team_card\">\n<div class=\"front face\">\n<figure><img decoding=\"async\" src=\"https:\/\/www.st-promotions.de\/wp-content\/themes\/nonus\/assets\/img\/team\/reinhard-kind.png\" alt=\"\" \/><figcaption class=\"team_text\">Reinhard Sander<br \/>\nMember of the board<\/figcaption><\/figure>\n<\/div>\n<div class=\"back face center\">\n<figure><img decoding=\"async\" src=\"https:\/\/www.st-promotions.de\/wp-content\/themes\/nonus\/assets\/img\/team\/reinhard.png\" alt=\"\" \/><figcaption class=\"team_text\">Reinhard Sander<br \/>\nMember of the board<\/figcaption><\/figure>\n<\/div>\n<\/div>\n<\/div>\n<p>[\/third_column]<br \/>\n[two_thirds_column]<\/p>\n<p><strong>Geboren in Hamburg<\/strong><\/p>\n<p style=\"text-align: left;\">Absolvierte w\u00e4hrend des Studiums der Romanistik mehrere Auslandsaufenthalte in Paris und Lissabon. Er gr\u00fcndete 1987 ST-PROMOTIONS und leitete neben seiner T\u00e4tigkeit als Gesch\u00e4ftsf\u00fchrer der Agentur mehrere Consulting-Projekte f\u00fcr verschiedene Verlage. Heute widmet er sich haupts\u00e4chlich der Unternehmensentwicklung und betreut zudem die Key Accounts der Agentur.<\/p>\n<p>[\/two_thirds_column]<br \/>\n[\/row]<\/p>\n<p>[row]<br \/>\n[third_column]<\/p>\n<div class=\"team_container\">\n<div class=\"team_card\">\n<div class=\"front face\">\n<figure><img decoding=\"async\" src=\"https:\/\/www.st-promotions.de\/wp-content\/themes\/nonus\/assets\/img\/team\/norma-kind.png\" alt=\"\" \/><figcaption class=\"team_text\">Norma Brugeras<br \/>\nProject Assistant<\/figcaption><\/figure>\n<\/div>\n<div class=\"back face center\">\n<figure><img decoding=\"async\" src=\"https:\/\/www.st-promotions.de\/wp-content\/themes\/nonus\/assets\/img\/team\/norma.png\" alt=\"\" \/><figcaption class=\"team_text\">Norma Brugeras<br \/>\nProject Assistant<\/figcaption><\/figure>\n<\/div>\n<\/div>\n<\/div>\n<p>[\/third_column]<br \/>\n[two_thirds_column]<\/p>\n<p><strong>Geboren in G\u00f6ttingen<\/strong><\/p>\n<p style=\"text-align: left;\">Nach dem Abitur absolvierte sie ein Freiwilliges Soziales Jahr in einem Krankenhaus in G\u00f6ttingen-Weende. F\u00fcr das Studium \u201eDigital Film und Animation\u201c bei unserem Nachbarn dem SAE Institute, zog sie nach Hamburg. In ihrer Freizeit schwimmt und fotografiert sie gern. Mindestens einmal pro Jahr besucht sie ihre Familie auf Malta. Berufserfahrung im Bereich Medien sammelte sie u.a. in der Vermarktung von Kinowerbung, heute unterst\u00fctzt sie unser Team in der Kundenbetreuung.<\/p>\n<p>[\/two_thirds_column]<br \/>\n[\/row]<\/p>\n<p>[row]<br \/>\n[third_column]<\/p>\n<div class=\"team_container\">\n<div class=\"team_card\">\n<div class=\"front face\">\n<figure><img decoding=\"async\" src=\"https:\/\/www.st-promotions.de\/wp-content\/themes\/nonus\/assets\/img\/team\/lina-lammers-kind.png\" alt=\"\" \/><figcaption class=\"team_text\">Katia Bl\u00f6cker<br \/>\nProject Assistant<\/figcaption><\/figure>\n<\/div>\n<div class=\"back face center\">\n<figure><img decoding=\"async\" src=\"https:\/\/www.st-promotions.de\/wp-content\/themes\/nonus\/assets\/img\/team\/lina-lammers.png\" alt=\"\" \/><figcaption class=\"team_text\">Katia Bl\u00f6cker<br \/>\nProject Assistant<\/figcaption><\/figure>\n<\/div>\n<\/div>\n<\/div>\n<p>[\/third_column]<br \/>\n[two_thirds_column]<\/p>\n<p><strong>Geboren in Hamburg<\/strong><\/p>\n<p>Nachdem Katia ihren Bachelor of Arts als PR- und Kommunikationsmanagerin erfolgreich abschloss, begann ihre Reise im Marketing- und Eventbereich begann. Heute unterst\u00fctzt sie unser Team in der Kundenbetreuung sowie bei der Umsetzung von Social Media Kampagnen.<\/p>\n<p>Ob es hei\u00dft im Urlaub die verschiedensten Orte zu erkunden oder in B\u00fcchern, Spielen oder Serien fremde Welten zu entdecken &#8211; in ihrer Freizeit begibt sie sich gern an die zauberhaften und verzaubernde Orte dieser Welt.<\/p>\n<p>[\/two_thirds_column]<br \/>\n[\/row]<\/p>\n<p>[row]<br \/>\n[third_column]<\/p>\n<div class=\"team_container\">\n<div class=\"team_card\">\n<div class=\"front face\">\n<figure><img decoding=\"async\" src=\"https:\/\/www.st-promotions.de\/wp-content\/themes\/nonus\/assets\/img\/team\/lisa-persil-kind.png\" alt=\"\" \/><figcaption class=\"team_text\">Lisa Persiel<br \/>\nSenior Project Manager<\/figcaption><\/figure>\n<\/div>\n<div class=\"back face center\">\n<figure><img decoding=\"async\" src=\"https:\/\/www.st-promotions.de\/wp-content\/themes\/nonus\/assets\/img\/team\/lisa-persil.png\" alt=\"\" \/><figcaption class=\"team_text\">Lisa Persiel<br \/>\nSenior Project Manager<\/figcaption><\/figure>\n<\/div>\n<\/div>\n<\/div>\n<p>[\/third_column]<br \/>\n[two_thirds_column]<\/p>\n<p><strong>Geboren in L\u00fcneburg, Niedersachsen<\/strong><\/p>\n<p style=\"text-align: left;\">W\u00e4hrend ihrer Ausbildung zur Kauffrau f\u00fcr B\u00fcrokommunikation besuchte die L\u00fcneburgerin die Abendschule in Hamburg um berufsbegleitend das Abitur nachzuholen.<br \/>\nAls Hobbyfotografin reist sie in ihrer Freizeit mit offenen Augen durch die Welt und f\u00e4ngt Augenblicke ein, die vielleicht sonst keinerlei Beachtung finden.<br \/>\nBei ST-PROMOTIONS ist Lisa f\u00fcr den grafischen, kreativen Teil unserer Agentur zust\u00e4ndig, au\u00dferdem ist sie mit der Lagerbestanderfassung als auch der Ausarbeitung von Promotionangeboten betraut.<\/p>\n<p>[\/two_thirds_column]<br \/>\n[\/row]<br \/>\n[row]<br \/>\n[third_column]<\/p>\n<div class=\"team_container\">\n<div class=\"team_card\">\n<div class=\"front face\">\n<figure><img decoding=\"async\" src=\"https:\/\/www.st-promotions.de\/wp-content\/themes\/nonus\/assets\/img\/team\/barbara-ritter-kind.png\" alt=\"\" \/><figcaption class=\"team_text\">Barbara Ritter<br \/>\nBuchhaltung<\/figcaption><\/figure>\n<\/div>\n<div class=\"back face center\">\n<figure><img decoding=\"async\" src=\"https:\/\/www.st-promotions.de\/wp-content\/themes\/nonus\/assets\/img\/team\/barbara-ritter.png\" alt=\"\" \/><figcaption class=\"team_text\">Barbara Ritter<br \/>\nBuchhaltung<\/figcaption><\/figure>\n<\/div>\n<\/div>\n<\/div>\n<p>[\/third_column]<br \/>\n[two_thirds_column]<\/p>\n<p><strong>Geboren in Hamburg<\/strong><\/p>\n<p style=\"text-align: left;\">Nach der Ausbildung zur Gro\u00dfhandelskauffrau entdeckte sie die Liebe zur Buchhaltung. Ob Finanzbuchhaltung, Lohnbuchhaltung \u2013 welche Art auch immer, bis heute ist sie mit Leidenschaft dabei geblieben\u2026 und wird auch weiterhin unser ruhender Pol im undurchdringlichen Dickicht des deutschen Steuerrechts bleiben.<\/p>\n<p>[\/two_thirds_column]<br \/>\n[\/row]<\/p>\n<p>[row]<br \/>\n[third_column]<\/p>\n<div class=\"team_container\">\n<div class=\"team_card\">\n<div class=\"front face\">\n<figure><img decoding=\"async\" src=\"https:\/\/www.st-promotions.de\/wp-content\/themes\/nonus\/assets\/img\/team\/sergej-liebert-kind.png\" alt=\"\" \/><figcaption class=\"team_text\">Sergej Liebert<br \/>\nProject Manager<\/figcaption><\/figure>\n<\/div>\n<div class=\"back face center\">\n<figure><img decoding=\"async\" src=\"https:\/\/www.st-promotions.de\/wp-content\/themes\/nonus\/assets\/img\/team\/sergej-liebert.png\" alt=\"\" \/><figcaption class=\"team_text\">Sergej Liebert<br \/>\nProject Manager<\/figcaption><\/figure>\n<\/div>\n<\/div>\n<\/div>\n<p>[\/third_column]<br \/>\n[two_thirds_column]<\/p>\n<p><strong>Geboren in Jekaterinburg (Russland)<\/strong><\/p>\n<p style=\"text-align: left;\">Mit seiner Familie zog Sergej im Alter von neun Jahren von Russland nach Kaltenkirchen (Schleswig-Holstein).<br \/>\nNachdem Erwerb der Fachhochschulreife verbrachte er im Rahmen von Work &amp; Travel 14 Monate in Neuseeland.<br \/>\nWieder in Deutschland angekommen zog Sergej nach Hamburg und begann beim Bundesverband der Veranstaltungswirtschaft eine Ausbildung zum Veranstaltungskaufmann. Im Rahmen dieser Ausbildung hat er unter anderem am \u201ePRG LEA Live Entertainment Award\u201c in Frankfurt mitgewirkt, f\u00fcr den er auch als Co-Juror t\u00e4tig war.<br \/>\nBei ST-PROMOTIONS ist er f\u00fcr die Kundenbetreuung und die Auftragsabwicklung verantwortlich.<\/p>\n<p>[\/two_thirds_column]<br \/>\n[\/row]<\/p>\n<p>[row]<br \/>\n[third_column]<\/p>\n<div class=\"team_container\">\n<div class=\"team_card\">\n<div class=\"front face\">\n<figure><img decoding=\"async\" src=\"https:\/\/www.st-promotions.de\/wp-content\/themes\/nonus\/assets\/img\/team\/laura-piechutta-kind.png\" alt=\"\" \/><figcaption class=\"team_text\">Laura Piechutta<br \/>\nProject Manager<\/figcaption><\/figure>\n<\/div>\n<div class=\"back face center\">\n<figure><img decoding=\"async\" src=\"https:\/\/www.st-promotions.de\/wp-content\/themes\/nonus\/assets\/img\/team\/laura-piechutta.png\" alt=\"\" \/><figcaption class=\"team_text\">Laura Piechutta<br \/>\nProject Manager<\/figcaption><\/figure>\n<\/div>\n<\/div>\n<\/div>\n<p>[\/third_column]<br \/>\n[two_thirds_column]<\/p>\n<p><strong>Geboren in Hamburg<\/strong><\/p>\n<p style=\"text-align: left;\">Die Hamburger Deern lernte nach dem Abitur die spannende Welt der Veranstaltungsbranche kennen. Nach erfolgreich abgeschlossener Ausbildung zur Veranstaltungskauffrau zog es sie in unsere Agentur. Hier besch\u00e4ftigt sie sich u.a. mit der Logistik und der Beschaffung des passenden Equipments.<\/p>\n<p>Neben der Arbeit bereist Laura gerne so oft es geht die Welt und geht gerne auf Entdeckungstour, wenn dies die Zeit nicht hergibt, liest sie sich in die fernen L\u00e4nder.<\/p>\n<p>[\/two_thirds_column]<br \/>\n[\/row]<\/p>\n","protected":false},"excerpt":{"rendered":"<p>Wir sagen, was wir denken und wir tun, was wir sagen Unsere Mitarbeiter halten unser Schiff auf Kurs. Ihre Fachkompetenz, ihre Leidenschaft, ihre Kreativit\u00e4t und ihr Einf\u00fchlungsverm\u00f6gen sind bestimmend f\u00fcr den Erfolg unserer Agentur. [row] [third_column] Birgit Sander Member of the board Birgit Sander Member of the board [\/third_column] [two_thirds_column] Geboren in D\u00fcsseldorf Sie absolvierte &#8230; <span\" class=\"link-primary\">en savoir plus<\/span><\/p>\n","protected":false},"author":2,"featured_media":0,"parent":0,"menu_order":29,"comment_status":"closed","ping_status":"open","template":"","meta":{"_acf_changed":false,"footnotes":""},"class_list":["post-4","page","type-page","status-publish","hentry"],"acf":[],"_links":{"self":[{"href":"https:\/\/www.st-promotions.de\/fr\/wp-json\/wp\/v2\/pages\/4","targetHints":{"allow":["GET"]}}],"collection":[{"href":"https:\/\/www.st-promotions.de\/fr\/wp-json\/wp\/v2\/pages"}],"about":[{"href":"https:\/\/www.st-promotions.de\/fr\/wp-json\/wp\/v2\/types\/page"}],"author":[{"embeddable":true,"href":"https:\/\/www.st-promotions.de\/fr\/wp-json\/wp\/v2\/users\/2"}],"replies":[{"embeddable":true,"href":"https:\/\/www.st-promotions.de\/fr\/wp-json\/wp\/v2\/comments?post=4"}],"version-history":[{"count":5,"href":"https:\/\/www.st-promotions.de\/fr\/wp-json\/wp\/v2\/pages\/4\/revisions"}],"predecessor-version":[{"id":26554,"href":"https:\/\/www.st-promotions.de\/fr\/wp-json\/wp\/v2\/pages\/4\/revisions\/26554"}],"wp:attachment":[{"href":"https:\/\/www.st-promotions.de\/fr\/wp-json\/wp\/v2\/media?parent=4"}],"curies":[{"name":"wp","href":"https:\/\/api.w.org\/{rel}","templated":true}]}}