{"id":41,"date":"2011-10-04T23:52:38","date_gmt":"2011-10-04T21:52:38","guid":{"rendered":"http:\/\/localhost:8888\/st_promotions\/?page_id=41"},"modified":"2026-03-08T07:19:15","modified_gmt":"2026-03-08T06:19:15","slug":"personnages-mascottes","status":"publish","type":"page","link":"https:\/\/www.st-promotions.de\/fr\/personnages-mascottes\/","title":{"rendered":"Animation Mascotte"},"content":{"rendered":"<p>&nbsp;<\/p>\n<p><img loading=\"lazy\" decoding=\"async\" class=\"aligncenter size-full wp-image-20789\" src=\"https:\/\/www.st-promotions.de\/wp-content\/uploads\/2018\/07\/turmi.jpg\" alt=\"\" width=\"2322\" height=\"2886\" \/><\/p>\n<p style=\"text-align: left;\">Sie suchen Promoter, die in speziellen Kost\u00fcmen Ihren Event\u00a0bereichern?\u00a0Bei uns finden Sie auch hierf\u00fcr die motivierten und gut geschulten Promoter.<br \/>\nHierbei spielt es keine Rolle, ob das Outfit gestellt wird oder Sie es \u00fcber uns beziehen wollen.<\/p>\n<h3 style=\"text-align: center;\">Walking Acts begeistern Klein und Gro\u00df<\/h3>\n<p style=\"text-align: left;\">Aufmerksamkeitsstarke Walking-Act Kost\u00fcme erm\u00f6glichen eine besonders effektive Markenunterst\u00fctzung. Walking-Act Promotions sind aufmerksamkeitsstark und k\u00f6nnen Ber\u00fchrungs\u00e4ngste reduzieren. Vor allem Kinder lassen sich mit dieser Art von Promotion ansprechen und reagieren durchweg positiv auf die gro\u00dfen Kost\u00fcme.\u00a0Auch Messen sind aufgrund ihres hohen Besucheraufkommens ein idealer Ort f\u00fcr den gezielten Einsatz von Walking-Acts.<\/p>\n<p style=\"text-align: left;\">Gern ermitteln wir als <a title=\"ST-PROMOTIONS\" href=\"https:\/\/www.st-promotions.de\/\" target=\"_blank\" rel=\"noopener noreferrer\">Promotionagentur mit 30 Jahren Erfahrung<\/a> f\u00fcr Sie Chancen und Potentiale f\u00fcr Promotionaktionen f\u00fcr Ihr Produkt.<\/p>\n<p style=\"text-align: left;\">Nehmen Sie <a href=\"https:\/\/www.st-promotions.de\/promotionagentur\/\" target=\"_blank\" rel=\"noopener noreferrer\">unverbindlich Kontakt auf<\/a> und wir finden den richtigen Kommunikationsweg f\u00fcr Sie.<\/p>\n<p>&nbsp;<\/p>\n\n<p>&nbsp;<\/p>\n<p>[full_width]<br \/>\n[row narrowcontent=\u00a0\u00bbtrue\u00a0\u00bb color=\u00a0\u00bbprimary\u00a0\u00bb header=\u00a0\u00bbCase Studies\u00a0\u00bb headertype=\u00a0\u00bb2&Prime;]<br \/>\n[two_thirds_column]<br \/>\n[paragraph]<\/p>\n<h3 style=\"text-align: left;\">Walking-Act-Promotion f\u00fcr Erdb\u00e4r<\/h3>\n<p style=\"text-align: left;\">Vor Einzelh\u00e4ndlern, auf Messen und zu einem Fu\u00dfball-Turnier waren unsere als Apfel, Karotte, Banane und Birne verkleideten Promoter in Hamburg, L\u00fcneburg und in Ravensburg im Einsatz.\u00a0Der knuddelige Walking-Act mit Kulleraugen motivierte Kinder die angebotenen leckeren Proben zu testen.\u00a0Die Kinder liebten das Riesenobst um baten h\u00e4ufig um ein Foto mit unserem als sprechende Frucht verkleideten Promoter.\u00a0Die Resonanz bei Klein und Gro\u00df war \u00fcberragend. Die Kleinen fanden die verteilten Fruchtchips und das verteilte Obst- und Gem\u00fcsep\u00fcree einfach lecker.\u00a0Die Eltern freuten sich dar\u00fcber, dass ihre Kinder gerne die gesunden Obst- und Gem\u00fcsesnacks a\u00dfen und wissen nun was in keinem Schulranzen und keiner Kindergartentasche fehlen sollte.<br \/>\n[\/paragraph]<br \/>\n[\/two_thirds_column]<br \/>\n[third_column]<\/p>\n<p style=\"text-align: left;\"><img loading=\"lazy\" decoding=\"async\" class=\"alignnone size-medium wp-image-16952\" src=\"https:\/\/www.st-promotions.de\/wp-content\/uploads\/2012\/04\/Promotion_Erdbaer_Hamburg40-300x300.jpg\" alt=\"Promotion_Erdbaer_Hamburg40\" width=\"300\" height=\"300\" \/><br \/>\n[\/third_column]<br \/>\n[\/row]<br \/>\n[row narrowcontent=\u00a0\u00bbtrue\u00a0\u00bb color=\u00a0\u00bbprimary\u00a0\u00bb header=\u00a0\u00bbWalking Acts f\u00fcr die BBBank\u00a0\u00bb headertype=\u00a0\u00bb3&Prime;]<br \/>\n[paragraph]<br \/>\nF\u00fcr unseren langj\u00e4hrigen Kunden, die BBBank aus Karlsruhe, organisieren wir den gesamten Einsatz und Ablauf bundesweiter Promotionaktionen und den dazu notwendigen Personaleinsatz. Die Herausforderung, die sich uns hierbei stellt, ist unter anderen das richtige Promotionpersonal f\u00fcr den h\u00e4ufig eingesetzten Walking Act der BBBank zu finden. Da unsere Agentur \u00fcber eigene Datenbank mit pers\u00f6nlich gepflegten Eintr\u00e4gen von \u00fcber 6.000 Promotern bundesweit verf\u00fcgt, k\u00f6nnen wir auch hier immer das passende Promoterprofil anbieten.<br \/>\nDurch unsere Organisationsstruktur mit 11 bundesweiten Standorten unterst\u00fctzen wir unserem Kunden von Konstanz bis Flensburg und von Dresden bis Aachen \u00a0und f\u00fchren Walking Act Promotionaktionen in ganz Deutschland durch.<br \/>\nMit diesen aufmerksamkeitstarken und einpr\u00e4gsamen Promotionaktionen begleiten wir den Face-to-Face-Auftritt der BBBank auf Stadtfesten, \u00a0zu Neuer\u00f6ffnungen, auf Messen, an Tagen der offenen T\u00fcr und zu vielen anderen Anl\u00e4ssen \u00fcber das ganze Jahr hinweg.<br \/>\nEin Walking Act Promoter im Biberkost\u00fcm verteilt bei \u00a0diesen Aktionen gemeinsam mit einem Promotionteam Flyer und Give-Aways an die definierte Zielgruppe. Unsere intensiv geschulten Mitarbeiter stehen bei diesen Promotionaktivit\u00e4ten ebenfalls f\u00fcr Informationen und Fragen \u00a0den Kunden und Interessenten zur Verf\u00fcgung.<br \/>\n[\/paragraph]<br \/>\n[paragraph]<\/p>\n<div style=\"text-align: center;\">\n\n<\/div>\n<p>[\/paragraph]<br \/>\n[\/row]<br \/>\n[\/full_width]<\/p>\n","protected":false},"excerpt":{"rendered":"<p>&nbsp; Sie suchen Promoter, die in speziellen Kost\u00fcmen Ihren Event\u00a0bereichern?\u00a0Bei uns finden Sie auch hierf\u00fcr die motivierten und gut geschulten Promoter. Hierbei spielt es keine Rolle, ob das Outfit gestellt wird oder Sie es \u00fcber uns beziehen wollen. Walking Acts begeistern Klein und Gro\u00df Aufmerksamkeitsstarke Walking-Act Kost\u00fcme erm\u00f6glichen eine besonders effektive Markenunterst\u00fctzung. Walking-Act Promotions sind &#8230; <span\" class=\"link-primary\">en savoir plus<\/span><\/p>\n","protected":false},"author":2,"featured_media":0,"parent":0,"menu_order":33,"comment_status":"closed","ping_status":"open","template":"","meta":{"_acf_changed":false,"footnotes":""},"class_list":["post-41","page","type-page","status-publish","hentry"],"acf":[],"_links":{"self":[{"href":"https:\/\/www.st-promotions.de\/fr\/wp-json\/wp\/v2\/pages\/41","targetHints":{"allow":["GET"]}}],"collection":[{"href":"https:\/\/www.st-promotions.de\/fr\/wp-json\/wp\/v2\/pages"}],"about":[{"href":"https:\/\/www.st-promotions.de\/fr\/wp-json\/wp\/v2\/types\/page"}],"author":[{"embeddable":true,"href":"https:\/\/www.st-promotions.de\/fr\/wp-json\/wp\/v2\/users\/2"}],"replies":[{"embeddable":true,"href":"https:\/\/www.st-promotions.de\/fr\/wp-json\/wp\/v2\/comments?post=41"}],"version-history":[{"count":6,"href":"https:\/\/www.st-promotions.de\/fr\/wp-json\/wp\/v2\/pages\/41\/revisions"}],"predecessor-version":[{"id":26530,"href":"https:\/\/www.st-promotions.de\/fr\/wp-json\/wp\/v2\/pages\/41\/revisions\/26530"}],"wp:attachment":[{"href":"https:\/\/www.st-promotions.de\/fr\/wp-json\/wp\/v2\/media?parent=41"}],"curies":[{"name":"wp","href":"https:\/\/api.w.org\/{rel}","templated":true}]}}