{"id":56,"date":"2011-10-04T23:55:37","date_gmt":"2011-10-04T21:55:37","guid":{"rendered":"http:\/\/localhost:8888\/st_promotions\/?page_id=56"},"modified":"2025-07-30T17:39:53","modified_gmt":"2025-07-30T16:39:53","slug":"force-de-vente-commando","status":"publish","type":"page","link":"https:\/\/www.st-promotions.de\/fr\/force-de-vente-commando\/","title":{"rendered":"Force de vente"},"content":{"rendered":"<p><img loading=\"lazy\" decoding=\"async\" class=\"alignnone wp-image-19871 size-full\" src=\"https:\/\/www.st-promotions.de\/wp-content\/uploads\/2011\/10\/Leasing-Au\u00dfendienst_1.jpg\" alt=\"Werbmitel\u00fcbergabe\" width=\"2686\" height=\"1908\" \/><\/p>\n<p>[row narrowcontent=\u00a0\u00bbtrue\u00a0\u00bb header=\u00a0\u00bbProminente Platzierung durch Leasing Au\u00dfendienst im Einzelhandel\u00a0\u00bb headertype=\u00a0\u00bb2&Prime;]<\/p>\n<p style=\"text-align: left;\">Ein <em>geleaster Au\u00dfendienst<\/em> <strong>spart Zeit, Kosten und Aufwand<\/strong>. Mit durchschnittlich 50.000 Au\u00dfendienstbesuchen pro Jahr, besitzt ST-PROMOTIONS das richtige Ma\u00df an Erfahrung und Routine f\u00fcr optimale und auf Ihr Produkt abgestimmte <em>Au\u00dfendienstbesuche<\/em>.<\/p>\n<p style=\"text-align: justify;\">Um die Bekanntheit, Pr\u00e4senz und den Abverkauf von Produkten zu steigern, \u00fcberpr\u00fcft und optimiert ST-PROMOTIONS die Platzierung von Produkten nach zuvor festgelegten Kriterien am <em>Point of Purchase<\/em>. Vor allem professionell konzipierte Frageb\u00f6gen sowie die <strong>Kontaktpflege zum H\u00e4ndler<\/strong> oder auch eine abwechslungsreiche <strong>Anbringung von Werbemitteln<\/strong> sind f\u00fcr den Erfolg von <em>Au\u00dfendienstbesuchen<\/em> entscheidend.<\/p>\n<p>[\/row]<span style=\"line-height: 1.5;\">[full_width]<\/span>[row narrowcontent=\u00a0\u00bbtrue\u00a0\u00bb color=\u00a0\u00bbprimary\u00a0\u00bb header=\u00a0\u00bb<br \/>\nCase Study &#8211; Leasing Au\u00dfendienst ST-PROMOTIONS\u00a0\u00bb headertype=\u00a0\u00bb2&Prime; space=\u00a0\u00bbfalse\u00a0\u00bb][\/row]<br \/>\n[row narrowcontent=\u00a0\u00bbtrue\u00a0\u00bb color=\u00a0\u00bbprimary\u00a0\u00bb header=\u00a0\u00bbRegelm\u00e4\u00dfiger Au\u00dfendienst f\u00fcr die Frankfurter Allgemeine Zeitung GmbH\u00a0\u00bb headertype=\u00a0\u00bb3&Prime;]<\/p>\n<p>F\u00fcr die Frankfurter Allgemeine Zeitung\u00a0f\u00fchren wir einen regelm\u00e4\u00dfigen Au\u00dfendienst durch.<br \/>\nIm Rahmen eines\u00a0<em>regelm\u00e4\u00dfigen Au\u00dfendienstes<\/em> werden bundesweit ausgew\u00e4hlte Einzelh\u00e4ndler besucht und \u00fcber Neuerungen und Marketingkampagnen der Objekte der Frankfurter Allgemeine Zeitung GmbH informiert. Die kontinuierliche <em>Einzelhandelsbetreuung<\/em> f\u00fcr die hier orientiert sich im Wesentlichen an folgenden Zielen:<\/p>\n<p>[\/row]<br \/>\n[row narrowcontent=\u00a0\u00bbtrue\u00a0\u00bb color=\u00a0\u00bbprimary\u00a0\u00bb]<br \/>\n[half_column space=\u00a0\u00bbtrue\u00a0\u00bb]<\/p>\n<div id=\"attachment_19872\" style=\"width: 310px\" class=\"wp-caption alignnone\"><img loading=\"lazy\" decoding=\"async\" aria-describedby=\"caption-attachment-19872\" class=\"wp-image-19872 size-medium\" src=\"https:\/\/www.st-promotions.de\/wp-content\/uploads\/2011\/10\/Datenerfassungf-300x300.jpg\" alt=\"Mit dem Ipad in Au\u00dfendienst\" width=\"300\" height=\"300\" \/><p id=\"caption-attachment-19872\" class=\"wp-caption-text\">Datenerfassung f\u00fcr die FAZ<\/p><\/div>\n<p>[\/half_column]<br \/>\n[half_column space=\u00a0\u00bbtrue\u00a0\u00bb][list style=\u00a0\u00bbok\u00a0\u00bb]<\/p>\n<ul>\n<li>Der Optimierung der Bewerbung im Einzelhandel.<\/li>\n<li>Der Verbesserung der Pr\u00e4sentation am Point-of-Sale.<\/li>\n<li>Der Erfassung von Problemen jeder Art sowie deren Beseitigung in Abstimmung mit dem Auftraggeber.<\/li>\n<li>Der \u00dcberpr\u00fcfung\u00a0der Grossoarbeit in den unterschiedlichen Vertriebsgebieten.<\/li>\n<li>Der Beobachtung der aktuellen Marktsituation.<\/li>\n<li>Der Analyse der Konkurrenzsituation.<\/li>\n<li>Der Erfassung vertriebstechnisch relevanter Daten, wie etwa Remissionsquoten um eventuell auftretende Probleme schon im Ansatz begegnen zu k\u00f6nnen.<\/li>\n<li>Der Pflege und Verbesserung des Kontaktes zum Einzelhandel als der wesentlichen S\u00e4ule des Gesamtvertriebes.<\/li>\n<\/ul>\n<p>[\/list][\/half_column]<br \/>\n[\/row]<br \/>\n[row narrowcontent=\u00a0\u00bbtrue\u00a0\u00bb color=\u00a0\u00bbprimary\u00a0\u00bb space=\u00a0\u00bbfalse\u00a0\u00bb]<\/p>\n<hr \/>\n<p>[\/row]<\/p>\n<p>[row narrowcontent=\u00a0\u00bbtrue\u00a0\u00bb color=\u00a0\u00bbprimary\u00a0\u00bb\u00a0space=\u00a0\u00bbfalse\u00a0\u00bb header=\u00a0\u00bbDurchf\u00fchrung Einhandelhandelsbetreuung\u00a0\u00bb headertype=\u00a0\u00bb3&Prime; ]<\/p>\n<div id=\"attachment_19878\" style=\"width: 311px\" class=\"wp-caption alignleft\"><img loading=\"lazy\" decoding=\"async\" aria-describedby=\"caption-attachment-19878\" class=\"wp-image-19878\" src=\"https:\/\/www.st-promotions.de\/wp-content\/uploads\/2011\/10\/BILD-AD_1-300x300.jpg\" alt=\"T\u00fcrkleber Bild \" width=\"301\" height=\"301\" \/><p id=\"caption-attachment-19878\" class=\"wp-caption-text\">AD-Aktion f\u00fcr die BILD-Gruppe<\/p><\/div>\n<p style=\"text-align: left;\">Unsere Mitarbeiter, welche sorgf\u00e4ltig und wiederholt geschult werden und zum \u00fcberwiegenden Teil bereits \u00fcber l\u00e4ngere Erfahrungen im Bereich der Kunden- bzw. Einzelhandelsbetreuung verf\u00fcgen, besuchen an aufeinanderfolgenden Werktagen Einzelh\u00e4ndler vornehmlich mit Bezug der betreuten Objekte.<\/p>\n<p>Der Ablauf eines jeden Besuches orientiert sich an den vorab definierten Bedingungen und l\u00e4sst sich im Allgemeinen wie folgt beschreiben:<br \/>\nSchon vor dem Betreten des Gesch\u00e4ftes \u00fcberzeugt sich der Mitarbeiter durch Augenschein vom Vorhandensein von Werbemitteln, wie etwa Aufklebern oder Stelltafeln. Sind diese nicht vorhanden oder nicht mehr in akzeptablem Zustand, so werden nach R\u00fccksprache mit dem Einzelh\u00e4ndler, neue Werbemittel positioniert. Das Gespr\u00e4ch mit dem Einzelh\u00e4ndler orientiert sich an einem mit dem Nationalvertrieb erarbeiteten Datenerfassungsbogen; dar\u00fcber hinaus werden selbstverst\u00e4ndlich auch die individuellen W\u00fcnsche und Anregungen der Einzelh\u00e4ndler vor Ort aufgenommen, gew\u00fcrdigt und entsprechende Ma\u00dfnahmen veranlasst. Der Datenerfassungsbogen dient als Leitfaden dar\u00fcberhinaus werden im pers\u00f6nlichen Gespr\u00e4ch etwaige Probleme angesprochen seien es Versp\u00e4tungen bei der Belieferung, der Remission oder relevante Sorgen anderer Art. Viele Probleme lassen sich h\u00e4ufig bereits vor Ort l\u00f6sen, f\u00fcr die anderen werden L\u00f6sungen nach Absprache mit dem Auftraggeber gesucht.<\/p>\n<p>&nbsp;<\/p>\n<div id=\"attachment_14014\" style=\"width: 307px\" class=\"wp-caption alignright\"><img loading=\"lazy\" decoding=\"async\" aria-describedby=\"caption-attachment-14014\" class=\"wp-image-14014\" src=\"https:\/\/www.st-promotions.de\/wp-content\/uploads\/2011\/10\/Werbemittel-01-300x300.jpg\" alt=\"Werbemittel am POS\" width=\"297\" height=\"297\" \/><p id=\"caption-attachment-14014\" class=\"wp-caption-text\">Leasing Au\u00dfendienst vor Ort<\/p><\/div>\n<p style=\"text-align: left;\">Anschlie\u00dfend wird der H\u00e4ndler zu den Liefer- und Remissionsmengen befragt um hierdurch einen stets aktuellen Ausschnitt der tats\u00e4chlichen Verkaufssituation in den verschiedenen Regionen zu gewinnen. Zur Vervollst\u00e4ndigung dieser Situationsskizze wird der Einzelh\u00e4ndler um dieselben Angaben f\u00fcr die Mitbewerber am Markt gebeten. Diese Daten erm\u00f6glichen eine grobe Analyse der Markt- und Konkurrenzsituation, sowohl auf der Makro- als auch der Mikroebene.<\/p>\n<p style=\"text-align: justify;\">Neben der Erfassung und Verbesserung der Au\u00dfenwerbung &#8211; zu der im \u00dcbrigen auch ggfs. der Abschluss von Leuchtwerbungsvertr\u00e4gen geh\u00f6rt &#8211; erfolgt auch im Inneren der Verkaufsr\u00e4ume eine Beurteilung der werblichen Situation und gegebenenfalls ihre Verbesserung. Das Hauptaugenmerk gilt dabei in erster Linie der Pr\u00e4sentation der Objekte vor Ort mit der Zielsetzung einer Optimierung auch in diesem Bereich. Dar\u00fcber hinaus wird der Einzelhandel mit den jeweils verf\u00fcgbaren <em>Streu- und Aktionswerbemitteln <\/em>versorgt<br \/>\nDieser Ablauf variiert naturgem\u00e4\u00df stark je nach der Problemlage vor Ort, der zeitlichen Verf\u00fcgbarkeit des Einzelh\u00e4ndlers und anderen individuellen Faktoren, er orientiert sich jedoch stets an der Pr\u00e4misse, zum einen das Verh\u00e4ltnis zwischen Verlag und dem Einzelh\u00e4ndler als dem wesentlichen Protagonisten auf eine m\u00f6glichst vertrauensvolle und erfolgreiche, tragende Grundlage zu stellen und zum anderen einen permanenten und verl\u00e4sslichen Einblick in das Marktgeschehen zu behalten. Die Besuchsergebnisse werden regelm\u00e4\u00dfig ausgewertet. Aus diesen Auswertungen erstellt ST-PROMOTIONS detaillierte aussagestarke Abschlussberichte, die als Grundlage f\u00fcr sp\u00e4tere Marketingma\u00dfnahmen genutzt werden k\u00f6nnen.<\/p>\n<p>[\/row]<br \/>\n[row narrowcontent=\u00a0\u00bbtrue\u00a0\u00bb color=\u00a0\u00bbprimary\u00a0\u00bb space=\u00a0\u00bbfalse\u00a0\u00bb]<\/p>\n<hr \/>\n<p>[\/row]<br \/>\n[row narrowcontent=\u00a0\u00bbtrue\u00a0\u00bb color=\u00a0\u00bbprimary\u00a0\u00bb header=\u00a0\u00bbLeasing Au\u00dfendienst rtk\u00a0\u00bb headertype=\u00a0\u00bb3&Prime;]<\/p>\n<p style=\"text-align: center;\"><img loading=\"lazy\" decoding=\"async\" class=\" wp-image-6705 alignnone\" title=\"rtk_Tour_1\" src=\"https:\/\/www.st-promotions.de\/wp-content\/uploads\/2011\/10\/rtk_Tour_1-150x150.jpg\" alt=\"\" width=\"180\" height=\"180\" \/>\u00a0 \u00a0\u00a0<img loading=\"lazy\" decoding=\"async\" class=\" wp-image-6706 alignnone\" title=\"rtk_Tour_2\" src=\"https:\/\/www.st-promotions.de\/wp-content\/uploads\/2011\/10\/rtk_Tour_2-150x150.jpg\" alt=\"\" width=\"180\" height=\"180\" \/>\u00a0 \u00a0\u00a0<img loading=\"lazy\" decoding=\"async\" class=\" wp-image-6704 alignnone\" title=\"rtk_Tour_3\" src=\"https:\/\/www.st-promotions.de\/wp-content\/uploads\/2011\/10\/rtk_Tour_3-150x150.jpg\" alt=\"\" width=\"180\" height=\"180\" \/><\/p>\n<p style=\"text-align: left;\">Zum Kooperationsstart von rtk und PAYBACK besuchte der Leasing Au\u00dfendienst von ST-PROMOTIONS bundesweit \u00fcber 3.500 Reiseb\u00fcros. Um diese Aktion zeitgerecht umsetzen zu k\u00f6nnen \u00fcbernahm ST-PROMOTIONS sowohl die Tourenplanung, als auch die Logistik der zu verteilenden Werbemittel.<br \/>\nZiel dieser Aktion war es initial rtk als Reiseb\u00fcromarke beim breiten Publikum zu etablieren. Hierzu wurde jedes Reiseb\u00fcro von intensiv geschulten Promotern pers\u00f6nlich besucht. Bei jedem Besuch wurde das jeweilige Reiseb\u00fcro mit einem Werbemittelpaket, welches Quick-Ellipsen, Wobbler, Aufkleber, Poster, Gummib\u00e4rchen und Kugelschreiber enthielt ausgestattet. Die Promoter motivierten zudem die Mitarbeiter in den Reiseb\u00fcros zur Dekoration und unterst\u00fctzten diese ebenfalls bei der Umsetzung.<\/p>\n<p>[\/row]<br \/>\n[\/full_width]<\/p>\n","protected":false},"excerpt":{"rendered":"<p>[row narrowcontent=\u00a0\u00bbtrue\u00a0\u00bb header=\u00a0\u00bbProminente Platzierung durch Leasing Au\u00dfendienst im Einzelhandel\u00a0\u00bb headertype=\u00a0\u00bb2&Prime;] Ein geleaster Au\u00dfendienst spart Zeit, Kosten und Aufwand. Mit durchschnittlich 50.000 Au\u00dfendienstbesuchen pro Jahr, besitzt ST-PROMOTIONS das richtige Ma\u00df an Erfahrung und Routine f\u00fcr optimale und auf Ihr Produkt abgestimmte Au\u00dfendienstbesuche. Um die Bekanntheit, Pr\u00e4senz und den Abverkauf von Produkten zu steigern, \u00fcberpr\u00fcft und optimiert &#8230; <span\" class=\"link-primary\">en savoir plus<\/span><\/p>\n","protected":false},"author":2,"featured_media":0,"parent":0,"menu_order":14,"comment_status":"closed","ping_status":"open","template":"","meta":{"_acf_changed":false,"footnotes":""},"class_list":["post-56","page","type-page","status-publish","hentry"],"acf":[],"_links":{"self":[{"href":"https:\/\/www.st-promotions.de\/fr\/wp-json\/wp\/v2\/pages\/56","targetHints":{"allow":["GET"]}}],"collection":[{"href":"https:\/\/www.st-promotions.de\/fr\/wp-json\/wp\/v2\/pages"}],"about":[{"href":"https:\/\/www.st-promotions.de\/fr\/wp-json\/wp\/v2\/types\/page"}],"author":[{"embeddable":true,"href":"https:\/\/www.st-promotions.de\/fr\/wp-json\/wp\/v2\/users\/2"}],"replies":[{"embeddable":true,"href":"https:\/\/www.st-promotions.de\/fr\/wp-json\/wp\/v2\/comments?post=56"}],"version-history":[{"count":5,"href":"https:\/\/www.st-promotions.de\/fr\/wp-json\/wp\/v2\/pages\/56\/revisions"}],"predecessor-version":[{"id":26349,"href":"https:\/\/www.st-promotions.de\/fr\/wp-json\/wp\/v2\/pages\/56\/revisions\/26349"}],"wp:attachment":[{"href":"https:\/\/www.st-promotions.de\/fr\/wp-json\/wp\/v2\/media?parent=56"}],"curies":[{"name":"wp","href":"https:\/\/api.w.org\/{rel}","templated":true}]}}