{"id":5674,"date":"2011-10-04T23:52:56","date_gmt":"2011-10-04T21:52:56","guid":{"rendered":"http:\/\/localhost:8888\/st_promotions\/?page_id=43"},"modified":"2025-08-20T10:59:11","modified_gmt":"2025-08-20T09:59:11","slug":"roadshow","status":"publish","type":"page","link":"https:\/\/www.st-promotions.de\/fr\/roadshow\/","title":{"rendered":"Roadshow"},"content":{"rendered":"<h2><img loading=\"lazy\" decoding=\"async\" class=\"aligncenter wp-image-20795 size-full\" src=\"https:\/\/www.st-promotions.de\/wp-content\/uploads\/2018\/07\/Roadshow-Promotion.jpg\" alt=\"\" width=\"2368\" height=\"2764\" \/><\/h2>\n<h2>ON TIME \u2013 ON BUDGET \u2013 ON TOUR<\/h2>\n<h3>Bundesweite Roadshows mit ST-PROMOTIONS<\/h3>\n<p style=\"text-align: left;\"><em>Roadshows<\/em> sind DIE M\u00f6glichkeit, Produkte direkt am POS zu pr\u00e4sentieren und in all ihren Facetten erfahrbar zu machen. Im Gegensatz beispielsweise zu klassischer Plakatwerbung bestechen Roadshows durch aktive Kundenansprache und direkte Mehrwert-Kommunikation.<\/p>\n<p style=\"text-align: left;\">Unsere erfahrenen Mitarbeiter platzieren Ihre Produkte dort, wo die Zielgruppe zu finden ist. F\u00fcr unsere Kunden bedeuten Roadshows <strong>\u00a0Live-Marketing \u00a0mit direkter Kundenansprache<\/strong>.<\/p>\n<p style=\"text-align: left;\">Im Vorfeld unserer Roadshows erarbeiten wir eine ansprechende Pr\u00e4sentationsform und \u2013fl\u00e4che und organisieren die Tour. Dazu entwerfen wir bei Bedarf die komplette Ausstattung der Roadshow, von Aufstellern bis hin zu Gewinnspielen.<\/p>\n<p style=\"text-align: left;\">Eine Roadshow bringt Ihr Produkt zum Kunden, <strong>direkt und zielgruppennah<\/strong> \u2013 Ihr Produkt wird durch freundliche <strong>face-to-face<\/strong> Kommunikation direkt in den K\u00f6pfen der potentiellen K\u00e4ufer verankert und mit einem positiven Erlebnis verkn\u00fcpft.<\/p>\n<p style=\"text-align: left;\">Roadshows helfen dar\u00fcber hinaus, Hemmschwellen in der Produktverwendung abzubauen, denn Mitarbeiter unserer Agentur werden im Vorfeld ausf\u00fchrlich zu Ihrem Produkt geschult und sind somit in der Lage, die meisten anfallenden Fragen direkt zu beantworten. Wir erarbeiten mit Ihnen die perfekte Produktpr\u00e4sentation. <a title=\"Wir freuen uns auf Ihre Anfrage!\" href=\"https:\/\/www.st-promotions.de\/promotionagentur\/\">Setzen Sie sich mit uns in Verbindung<\/a>.<\/p>\n<h2><\/h2>\n\n<h2><\/h2>\n<p>&nbsp;<\/p>\n<p>[full_width]<br \/>\n[row narrowcontent=\u00a0\u00bbtrue\u00a0\u00bb color=\u00a0\u00bbprimary\u00a0\u00bb header=\u00a0\u00bbFallbeispiele Roadshow Agentur\u00a0\u00bb headertype=\u00a0\u00bb2&Prime;]<\/p>\n<h3 style=\"text-align: center;\">Greenpeace Energy<\/h3>\n<p style=\"text-align: left;\">Das gr\u00fcne Mobil von Greenpeace Energy \u00a0tourte mit der Unterst\u00fctzung der Promotion-Agentur ST-PROMOTIONS im Rahmen einer siebenw\u00f6chigen<em> Roadshow durch Deutschland<\/em>. Bei dieser Promotionaktion wurden bestehende und potentielle Kunden vor Ort beraten und \u00fcber den neuen \u00d6kostrom informiert, unterst\u00fctzend wurden kostenlose Fr\u00fchst\u00fcckst\u00fcten als Give-Aways verteilt.<\/p>\n<p style=\"text-align: left;\">Im Rahmen dieser Roadshow nutzte <em>unser Kunde Greenpeace Energy<\/em> vor allem die M\u00f6glichkeit, mit seinen Kunden und anderen Interessenten pers\u00f6nliche Gespr\u00e4che zu f\u00fchren. So bearbeiteten unsere Promoter diverse Fragen, welche direkt und kompetent beantwortet werden konnten.<\/p>\n<h3 style=\"text-align: left;\"><\/h3>\n<h3 style=\"text-align: center;\">Grundfos<\/h3>\n<p style=\"text-align: left;\">Die<em> Roadshow f\u00fcr Grundfos<\/em> wendete sich direkt an den Zwischenhandel als Multiplikator. Mit dieser Kampagne begleiteten wir den Produktlaunch f\u00fcr eine automatisch arbeitende Hebeanlage f\u00fcr Abw\u00e4sser. F\u00fcr die optimale Produktplatzierung entschied sich der Kunde f\u00fcr die Roadshow, um der Zielgruppe die Vorteile des Produktes direkt am POS zu erl\u00e4utern. So stellte ST-PROMOTIONS alle Materialen f\u00fcr eine ansprechende Pr\u00e4sentation und lud Handwerker und Installateure zu einem kleinen Fr\u00fchst\u00fcck, w\u00e4hrend sie begleitend \u00fcber das Produkt informiert wurden. Durch die Vorf\u00fchrung der Produkte vor Ort konnten die angesprochenen\u00a0Handwerker von der einfachen\u00a0Handhabung \u00fcberzeugt des Produktes \u00a0werden.<\/p>\n<p><span style=\"color: #000000;\">Weitere\u00a0<a style=\"color: #000000;\" title=\"Referenzen\" href=\"https:\/\/www.st-promotions.de\/referenzen\/\"><strong>Referenzen<\/strong> aus unserer langj\u00e4hrigen T\u00e4tigkeit<\/a>.<\/span><br \/>\n[\/row]<br \/>\n[\/full_width]<\/p>\n","protected":false},"excerpt":{"rendered":"<p>ON TIME \u2013 ON BUDGET \u2013 ON TOUR Bundesweite Roadshows mit ST-PROMOTIONS Roadshows sind DIE M\u00f6glichkeit, Produkte direkt am POS zu pr\u00e4sentieren und in all ihren Facetten erfahrbar zu machen. Im Gegensatz beispielsweise zu klassischer Plakatwerbung bestechen Roadshows durch aktive Kundenansprache und direkte Mehrwert-Kommunikation. Unsere erfahrenen Mitarbeiter platzieren Ihre Produkte dort, wo die Zielgruppe zu &#8230; <span\" class=\"link-primary\">en savoir plus<\/span><\/p>\n","protected":false},"author":2,"featured_media":0,"parent":0,"menu_order":26,"comment_status":"closed","ping_status":"open","template":"","meta":{"_acf_changed":false,"footnotes":""},"class_list":["post-5674","page","type-page","status-publish","hentry"],"acf":[],"_links":{"self":[{"href":"https:\/\/www.st-promotions.de\/fr\/wp-json\/wp\/v2\/pages\/5674","targetHints":{"allow":["GET"]}}],"collection":[{"href":"https:\/\/www.st-promotions.de\/fr\/wp-json\/wp\/v2\/pages"}],"about":[{"href":"https:\/\/www.st-promotions.de\/fr\/wp-json\/wp\/v2\/types\/page"}],"author":[{"embeddable":true,"href":"https:\/\/www.st-promotions.de\/fr\/wp-json\/wp\/v2\/users\/2"}],"replies":[{"embeddable":true,"href":"https:\/\/www.st-promotions.de\/fr\/wp-json\/wp\/v2\/comments?post=5674"}],"version-history":[{"count":6,"href":"https:\/\/www.st-promotions.de\/fr\/wp-json\/wp\/v2\/pages\/5674\/revisions"}],"predecessor-version":[{"id":26375,"href":"https:\/\/www.st-promotions.de\/fr\/wp-json\/wp\/v2\/pages\/5674\/revisions\/26375"}],"wp:attachment":[{"href":"https:\/\/www.st-promotions.de\/fr\/wp-json\/wp\/v2\/media?parent=5674"}],"curies":[{"name":"wp","href":"https:\/\/api.w.org\/{rel}","templated":true}]}}