{"id":5675,"date":"2011-10-05T01:23:45","date_gmt":"2011-10-04T23:23:45","guid":{"rendered":"http:\/\/localhost:8888\/st_promotions\/?page_id=123"},"modified":"2026-03-06T11:14:04","modified_gmt":"2026-03-06T10:14:04","slug":"demande-en-ligne","status":"publish","type":"page","link":"https:\/\/www.st-promotions.de\/fr\/demande-en-ligne\/","title":{"rendered":"Demande en ligne"},"content":{"rendered":"<p>[full_width]<br \/>\n[parallax imgsrc=\u00a0\u00bbhttps:\/\/www.st-promotions.de\/wp-content\/themes\/nonus\/assets\/img\/parallax\/background-desktop.jpg\u00a0\u00bb]<br \/>\n[row narrowcontent=\u00a0\u00bbtrue\u00a0\u00bb header=\u00a0\u00bbOnline Anfrage\u00a0\u00bb headertype=\u00a0\u00bb2&Prime;]<br \/>\n[half_column]<br \/>\n[tabs header=\u00a0\u00bb \u00a0\u00bb modern=\u00a0\u00bbtrue\u00a0\u00bb ]<br \/>\n[tab title=\u00a0\u00bbAnfrage ausf\u00fcllen\u00a0\u00bb active=\u00a0\u00bbyes\u00a0\u00bb]<br \/>\n\n<div class=\"wpcf7 no-js\" id=\"wpcf7-f1656-o1\" lang=\"fr-FR\" dir=\"ltr\" data-wpcf7-id=\"1656\">\n<div class=\"screen-reader-response\"><p role=\"status\" aria-live=\"polite\" aria-atomic=\"true\"><\/p> <ul><\/ul><\/div>\n<form action=\"\/fr\/wp-json\/wp\/v2\/pages\/5675#wpcf7-f1656-o1\" method=\"post\" class=\"wpcf7-form init\" aria-label=\"Formulaire de contact\" novalidate=\"novalidate\" data-status=\"init\">\n<fieldset class=\"hidden-fields-container\"><input type=\"hidden\" name=\"_wpcf7\" value=\"1656\" \/><input type=\"hidden\" name=\"_wpcf7_version\" value=\"6.1.5\" \/><input type=\"hidden\" name=\"_wpcf7_locale\" value=\"fr_FR\" \/><input type=\"hidden\" name=\"_wpcf7_unit_tag\" value=\"wpcf7-f1656-o1\" \/><input type=\"hidden\" name=\"_wpcf7_container_post\" value=\"0\" \/><input type=\"hidden\" name=\"_wpcf7_posted_data_hash\" value=\"\" \/>\n<\/fieldset>\n<div class=\"row\">\n    <div class=\"col-md-6\">\n        <div class=\"form-floating mb-3\">\n            <select class=\"wpcf7-form-control wpcf7-select wpcf7-validates-as-required form-control\" id=\"anrede\" aria-required=\"true\" aria-invalid=\"false\" name=\"anrede\"><option value=\"\">&#8212;Veuillez choisir une option&#8212;<\/option><option value=\"M.\">M.<\/option><option value=\"Mme.\">Mme.<\/option><option value=\"Mx\">Mx<\/option><\/select>\n            <label for=\"anrede\">Civilit\u00e9 *<\/label>\n        <\/div>\n        <div class=\"form-floating mb-3\">\n            <input size=\"40\" maxlength=\"400\" class=\"wpcf7-form-control wpcf7-text form-control\" id=\"vorname\" aria-invalid=\"false\" placeholder=\"Pr\u00e9nom\" value=\"\" type=\"text\" name=\"vorname\" \/>\n            <label for=\"vorname\">Pr\u00e9nom<\/label>\n        <\/div>\n        <div class=\"form-floating mb-3\">\n            <input size=\"40\" maxlength=\"400\" class=\"wpcf7-form-control wpcf7-text wpcf7-validates-as-required form-control\" id=\"nachname\" aria-required=\"true\" aria-invalid=\"false\" placeholder=\"Nom\" value=\"\" type=\"text\" name=\"nachname\" \/>\n            <label for=\"nachname\">Nom *<\/label>\n        <\/div>\n        <div class=\"form-floating mb-3\">\n            <input size=\"40\" maxlength=\"400\" class=\"wpcf7-form-control wpcf7-text wpcf7-validates-as-required form-control\" id=\"firma\" aria-required=\"true\" aria-invalid=\"false\" placeholder=\"Soci\u00e9t\u00e9\" value=\"\" type=\"text\" name=\"firma\" \/>\n            <label for=\"firma\">Soci\u00e9t\u00e9 *<\/label>\n        <\/div>\n        <div class=\"form-floating mb-3\">\n            <input size=\"40\" maxlength=\"400\" class=\"wpcf7-form-control wpcf7-text form-control\" id=\"strasse\" aria-invalid=\"false\" placeholder=\"Rue\" value=\"\" type=\"text\" name=\"strasse\" \/>\n            <label for=\"strasse\">Rue <\/label>\n        <\/div>\n    <\/div>\n    <div class=\"col-md-6\">\n        <div class=\"form-floating mb-3\">\n            <input size=\"40\" maxlength=\"400\" class=\"wpcf7-form-control wpcf7-text wpcf7-validates-as-required form-control\" id=\"plz\" aria-required=\"true\" aria-invalid=\"false\" placeholder=\"Code postal\" value=\"\" type=\"text\" name=\"plz\" \/>\n            <label for=\"plz\">Code postal *<\/label>\n        <\/div>\n        <div class=\"form-floating mb-3\">\n            <input size=\"40\" maxlength=\"400\" class=\"wpcf7-form-control wpcf7-text wpcf7-validates-as-required form-control\" id=\"ort\" aria-required=\"true\" aria-invalid=\"false\" placeholder=\"Ville\" value=\"\" type=\"text\" name=\"ort\" \/>\n            <label for=\"ort\">Ville *<\/label>\n        <\/div>\n        <div class=\"form-floating mb-3\">\n            <input size=\"40\" maxlength=\"400\" class=\"wpcf7-form-control wpcf7-tel wpcf7-validates-as-required wpcf7-text wpcf7-validates-as-tel form-control\" id=\"telefon\" aria-required=\"true\" aria-invalid=\"false\" placeholder=\"T\u00e9l\u00e9phone\" value=\"\" type=\"tel\" name=\"telefon\" \/>\n            <label for=\"telefon\">T\u00e9l\u00e9phone *<\/label>\n        <\/div>\n        <div class=\"form-floating mb-3\">\n            <input size=\"40\" maxlength=\"400\" class=\"wpcf7-form-control wpcf7-email wpcf7-validates-as-required wpcf7-text wpcf7-validates-as-email form-control\" id=\"email\" aria-required=\"true\" aria-invalid=\"false\" placeholder=\"Email\" value=\"\" type=\"email\" name=\"e-mail\" \/>\n            <label for=\"email\">Email *<\/label>\n        <\/div>\n        <div class=\"form-floating mb-3\">\n            Les donn\u00e9es envoy\u00e9es ne seront trait\u00e9es que pour le traitement de votre demande. Vous trouverez de plus amples informations dans notre <a href=\"https:\/\/www.st-promotions.de\/en\/data-privacy-policy\/\" target=\"_blank\">politique de confidentialit\u00e9<\/a>\n        <\/div>\n    <\/div>\n<\/div>\n<div class=\"row\">\n    <div class=\"col-12\">\n        <h3>Informations<\/h3>\n    <\/div>\n<\/div>\n<div class=\"row\">\n    <div class=\"col-md-6\">\n        <div class=\"form-floating mb-3\">\n            <select class=\"wpcf7-form-control wpcf7-select form-control\" id=\"infos\" aria-invalid=\"false\" name=\"infos\"><option value=\"Veuillez s\u00e9lectionner\">Veuillez s\u00e9lectionner<\/option><option value=\"Instore\">Instore<\/option><option value=\"Out Store\">Out Store<\/option><option value=\"\u00c9chantillonage\">\u00c9chantillonage<\/option><option value=\"Distribution\">Distribution<\/option><option value=\"Force de vente commando\">Force de vente commando<\/option><option value=\"Staff aux festivals\">Staff aux festivals<\/option><option value=\"Roadshows\">Roadshows<\/option><option value=\"Campagnes OOH\">Campagnes OOH<\/option><option value=\"Personnages Mascottes\">Personnages Mascottes<\/option><option value=\"Client Myst\u00e8re\">Client Myst\u00e8re<\/option><option value=\"H\u00f4tesses de salon\">H\u00f4tesses de salon<\/option><option value=\"autres\">autres<\/option><\/select>\n            <label for=\"infos\">Nous aimerions recevoir des informations sur<\/label>\n        <\/div>\n        <div class=\"form-floating mb-3\">\n            <textarea cols=\"40\" rows=\"10\" maxlength=\"2000\" class=\"wpcf7-form-control wpcf7-textarea form-control\" id=\"nachricht\" aria-invalid=\"false\" placeholder=\"Bonjour ...\" name=\"nachricht\"><\/textarea>\n            <label for=\"nachricht\">Message<\/label>\n        <\/div>\n    <\/div>\n<\/div>\n<div class=\"row py-2\">\n    <div class=\"col-12\">\n        <input class=\"wpcf7-form-control wpcf7-submit has-spinner btn btn-primary\" type=\"submit\" value=\"envoyer\" \/>\n    <\/div>\n<\/div><div class=\"wpcf7-response-output\" aria-hidden=\"true\"><\/div>\n<\/form>\n<\/div>\n<br \/>\n[\/tab]<br \/>\n[tab title=\u00a0\u00bbBitte um R\u00fcckruf\u00a0\u00bb]<br \/>\n<p class=\"wpcf7-contact-form-not-found\"><strong>Erreur\u00a0:<\/strong> Formulaire de contact non trouv\u00e9\u00a0!<\/p><br \/>\n[\/tab]<br \/>\n[\/tabs]<br \/>\n[\/half_column]<br \/>\n[quarter_column]<br \/>\n[contact contacttitle=\u00a0\u00bbHallo senden\u00a0\u00bb emaillabel=\u00a0\u00bbSchreiben Sie uns ein paar Zeilen\u00a0\u00bb email=\u00a0\u00bbinfo@st-promotions.de\u00a0\u00bb addresstitle=\u00a0\u00bbBesuchen Sie uns\u00a0\u00bb] Medienbunker<br \/>\nFeldstra\u00dfe 66<br \/>\n20359 Hamburg \u2013 St. Pauli<br \/>\nTEL 040 \/ 38 60 82 &#8211; 0<br \/>\n[\/contact]<br \/>\n[\/quarter_column]<br \/>\n[quarter_column]<br \/>\n[socials header=\u00a0\u00bbSocial Networks\u00a0\u00bb fb=\u00a0\u00bbPromotionagenturen\u00a0\u00bb twit=\u00a0\u00bbSTPBUNKER\u00a0\u00bb google=\u00a0\u00bb+St-promotionsDe\u00a0\u00bb linkedin=\u00a0\u00bbcompany\/st-promotions-ohg?trk=hb_tab_compy_id_2090161&Prime; tumblr=\u00a0\u00bbpromotionagentur\u00a0\u00bb youtube=\u00a0\u00bbuser\/STPROMOTIONS\u00a0\u00bb phone=\u00a0\u00bb49403860820&Prime;]<br \/>\n[\/quarter_column]<br \/>\n[\/row]<br \/>\n[\/parallax]<br \/>\n[\/full_width]<\/p>\n","protected":false},"excerpt":{"rendered":"<p>[full_width] [parallax imgsrc=\u00a0\u00bbhttps:\/\/www.st-promotions.de\/wp-content\/themes\/nonus\/assets\/img\/parallax\/background-desktop.jpg\u00a0\u00bb] [row narrowcontent=\u00a0\u00bbtrue\u00a0\u00bb header=\u00a0\u00bbOnline Anfrage\u00a0\u00bb headertype=\u00a0\u00bb2&Prime;] [half_column] [tabs header=\u00a0\u00bb \u00a0\u00bb modern=\u00a0\u00bbtrue\u00a0\u00bb ] [tab title=\u00a0\u00bbAnfrage ausf\u00fcllen\u00a0\u00bb active=\u00a0\u00bbyes\u00a0\u00bb] [\/tab] [tab title=\u00a0\u00bbBitte um R\u00fcckruf\u00a0\u00bb] [\/tab] [\/tabs] [\/half_column] [quarter_column] [contact contacttitle=\u00a0\u00bbHallo senden\u00a0\u00bb emaillabel=\u00a0\u00bbSchreiben Sie uns ein paar Zeilen\u00a0\u00bb email=\u00a0\u00bbinfo@st-promotions.de\u00a0\u00bb addresstitle=\u00a0\u00bbBesuchen Sie uns\u00a0\u00bb] Medienbunker Feldstra\u00dfe 66 20359 Hamburg \u2013 St. Pauli TEL 040 \/ 38 60 82 &#8211; &#8230; <span\" class=\"link-primary\">en savoir plus<\/span><\/p>\n","protected":false},"author":2,"featured_media":0,"parent":0,"menu_order":18,"comment_status":"closed","ping_status":"open","template":"","meta":{"_acf_changed":false,"footnotes":""},"class_list":["post-5675","page","type-page","status-publish","hentry"],"acf":[],"_links":{"self":[{"href":"https:\/\/www.st-promotions.de\/fr\/wp-json\/wp\/v2\/pages\/5675","targetHints":{"allow":["GET"]}}],"collection":[{"href":"https:\/\/www.st-promotions.de\/fr\/wp-json\/wp\/v2\/pages"}],"about":[{"href":"https:\/\/www.st-promotions.de\/fr\/wp-json\/wp\/v2\/types\/page"}],"author":[{"embeddable":true,"href":"https:\/\/www.st-promotions.de\/fr\/wp-json\/wp\/v2\/users\/2"}],"replies":[{"embeddable":true,"href":"https:\/\/www.st-promotions.de\/fr\/wp-json\/wp\/v2\/comments?post=5675"}],"version-history":[{"count":5,"href":"https:\/\/www.st-promotions.de\/fr\/wp-json\/wp\/v2\/pages\/5675\/revisions"}],"predecessor-version":[{"id":26507,"href":"https:\/\/www.st-promotions.de\/fr\/wp-json\/wp\/v2\/pages\/5675\/revisions\/26507"}],"wp:attachment":[{"href":"https:\/\/www.st-promotions.de\/fr\/wp-json\/wp\/v2\/media?parent=5675"}],"curies":[{"name":"wp","href":"https:\/\/api.w.org\/{rel}","templated":true}]}}