{"id":5676,"date":"2011-10-05T01:24:35","date_gmt":"2011-10-04T23:24:35","guid":{"rendered":"http:\/\/localhost:8888\/st_promotions\/?page_id=127"},"modified":"2026-03-06T11:21:53","modified_gmt":"2026-03-06T10:21:53","slug":"service-de-rappel","status":"publish","type":"page","link":"https:\/\/www.st-promotions.de\/fr\/service-de-rappel\/","title":{"rendered":"Service de rappel"},"content":{"rendered":"<p>[full_width]<br \/>\n[parallax imgsrc=\u00a0\u00bbhttps:\/\/www.st-promotions.de\/wp-content\/themes\/nonus\/assets\/img\/parallax\/background-desktop.jpg\u00a0\u00bb]<br \/>\n[row narrowcontent=\u00a0\u00bbtrue\u00a0\u00bb header=\u00a0\u00bbOnline Anfrage\u00a0\u00bb headertype=\u00a0\u00bb2&Prime;]<br \/>\n[half_column]<br \/>\n[tabs header=\u00a0\u00bb \u00a0\u00bb modern=\u00a0\u00bbtrue\u00a0\u00bb ]<br \/>\n[tab title=\u00a0\u00bbR\u00fcckrufservice\u00a0\u00bb active=\u00a0\u00bbyes\u00a0\u00bb]<br \/>\n\n<div class=\"wpcf7 no-js\" id=\"wpcf7-f1661-o1\" lang=\"fr-FR\" dir=\"ltr\" data-wpcf7-id=\"1661\">\n<div class=\"screen-reader-response\"><p role=\"status\" aria-live=\"polite\" aria-atomic=\"true\"><\/p> <ul><\/ul><\/div>\n<form action=\"\/fr\/wp-json\/wp\/v2\/pages\/5676#wpcf7-f1661-o1\" method=\"post\" class=\"wpcf7-form init\" aria-label=\"Formulaire de contact\" novalidate=\"novalidate\" data-status=\"init\">\n<fieldset class=\"hidden-fields-container\"><input type=\"hidden\" name=\"_wpcf7\" value=\"1661\" \/><input type=\"hidden\" name=\"_wpcf7_version\" value=\"6.1.5\" \/><input type=\"hidden\" name=\"_wpcf7_locale\" value=\"fr_FR\" \/><input type=\"hidden\" name=\"_wpcf7_unit_tag\" value=\"wpcf7-f1661-o1\" \/><input type=\"hidden\" name=\"_wpcf7_container_post\" value=\"0\" \/><input type=\"hidden\" name=\"_wpcf7_posted_data_hash\" value=\"\" \/>\n<\/fieldset>\n<div class=\"row\">\n    <div class=\"col-md-6\">\n        <div class=\"form-floating mb-3\">\n            <select class=\"wpcf7-form-control wpcf7-select wpcf7-validates-as-required form-control\" id=\"anrede\" aria-required=\"true\" aria-invalid=\"false\" name=\"anrede\"><option value=\"\">&#8212;Veuillez choisir une option&#8212;<\/option><option value=\"M.\">M.<\/option><option value=\"Mme.\">Mme.<\/option><option value=\"Mx.\">Mx.<\/option><\/select>\n            <label for=\"anrede\">Civilit\u00e9*<\/label>\n        <\/div>\n        <div class=\"form-floating mb-3\">\n            <input size=\"40\" maxlength=\"400\" class=\"wpcf7-form-control wpcf7-text form-control\" id=\"vorname\" aria-invalid=\"false\" placeholder=\"Pr\u00e9nom\" value=\"\" type=\"text\" name=\"vorname\" \/>\n            <label for=\"vorname\">Pr\u00e9nom<\/label>\n        <\/div>\n        <div class=\"form-floating mb-3\">\n            <input size=\"40\" maxlength=\"400\" class=\"wpcf7-form-control wpcf7-text wpcf7-validates-as-required form-control\" id=\"nachname\" aria-required=\"true\" aria-invalid=\"false\" placeholder=\"Nom\" value=\"\" type=\"text\" name=\"nachname\" \/>\n            <label for=\"vorname\">Nom*<\/label>\n        <\/div>\n        <div class=\"form-floating mb-3\">\n            <input size=\"40\" maxlength=\"400\" class=\"wpcf7-form-control wpcf7-text wpcf7-validates-as-required form-control\" id=\"firma\" aria-required=\"true\" aria-invalid=\"false\" placeholder=\"Soci\u00e9t\u00e9\" value=\"\" type=\"text\" name=\"firma\" \/>\n            <label for=\"firma\">Soci\u00e9t\u00e9*<\/label>\n        <\/div>\n        <div class=\"form-floating mb-3\">\n            <input size=\"40\" maxlength=\"400\" class=\"wpcf7-form-control wpcf7-tel wpcf7-validates-as-required wpcf7-text wpcf7-validates-as-tel form-control\" id=\"telefon\" aria-required=\"true\" aria-invalid=\"false\" placeholder=\"T\u00e9l\u00e9phone\" value=\"\" type=\"tel\" name=\"telefon\" \/>\n            <label for=\"telefon\">T\u00e9l\u00e9phone*<\/label>\n        <\/div>\n        <div class=\"form-floating mb-3\">\n            <input size=\"40\" maxlength=\"400\" class=\"wpcf7-form-control wpcf7-email wpcf7-validates-as-required wpcf7-text wpcf7-validates-as-email form-control\" id=\"email\" aria-required=\"true\" aria-invalid=\"false\" placeholder=\"E-Mail\" value=\"\" type=\"email\" name=\"e-mail\" \/>\n            <label for=\"email\">E-Mail <\/label>\n        <\/div>\n    <\/div>\n    <div class=\"col-md-6\">\n        <div class=\"form-floating mb-3\">\n            <input size=\"40\" maxlength=\"400\" class=\"wpcf7-form-control wpcf7-text form-control\" id=\"zeitfenster\" aria-invalid=\"false\" placeholder=\"p.ex. 10h00 - 14h00\" value=\"\" type=\"text\" name=\"zeitfenster\" \/>\n            <label for=\"telefon\">Intervalle de temps<\/label>\n        <\/div>\n        <div class=\"form-floating mb-3\">\n            <select class=\"wpcf7-form-control wpcf7-select form-control\" id=\"informationen\" aria-invalid=\"false\" name=\"infos\"><option value=\"Nous aimerions recevoir des informations sur\">Nous aimerions recevoir des informations sur<\/option><option value=\"Animations commerciales\">Animations commerciales<\/option><option value=\"Street Marketing\">Street Marketing<\/option><option value=\"\u00c9chantillonage\">\u00c9chantillonage<\/option><option value=\"Distribution\">Distribution<\/option><option value=\"Force de vente commando\">Force de vente commando<\/option><option value=\"Staff aux festivals\">Staff aux festivals<\/option><option value=\"Roadshows\">Roadshows<\/option><option value=\"Campagnes OOH\">Campagnes OOH<\/option><option value=\"Personnages mascottes\">Personnages mascottes<\/option><option value=\"Client myst\u00e8re\">Client myst\u00e8re<\/option><option value=\"H\u00f4tesses de salon\">H\u00f4tesses de salon<\/option><option value=\"autre\">autre<\/option><\/select>\n            <label for=\"infos\">Information<\/label>\n\n        <\/div>\n        <div class=\"form-floating mb-3\">\n            <textarea cols=\"40\" rows=\"10\" maxlength=\"2000\" class=\"wpcf7-form-control wpcf7-textarea h-25 form-control\" id=\"nachricht\" aria-invalid=\"false\" placeholder=\"Rappelez moi...\" name=\"nachricht\"><\/textarea>\n            <label for=\"nachricht\">Message<\/label>\n        <\/div>\n    <\/div>\n<\/div>\n<div class=\"row py-2\">\n    <div class=\"col-12\">\n        <div class=\"form-floating mb-3\">\n            Les donn\u00e9es envoy\u00e9es ne seront trait\u00e9es que pour le traitement de votre demande. Vous trouverez de plus amples informations dans notre <a href=\"https:\/\/www.st-promotions.de\/en\/data-privacy-policy\/\" target=\"_blank\">politique de confidentialit\u00e9<\/a>\n        <\/div>\n        <input class=\"wpcf7-form-control wpcf7-submit has-spinner btn btn-primary\" type=\"submit\" value=\"envoyer\" \/>\n    <\/div>\n<\/div><div class=\"wpcf7-response-output\" aria-hidden=\"true\"><\/div>\n<\/form>\n<\/div>\n<br \/>\n[\/tab]<br \/>\n[\/tabs]<br \/>\n[\/half_column]<br \/>\n[quarter_column]<br \/>\n[contact contacttitle=\u00a0\u00bbHallo senden\u00a0\u00bb emaillabel=\u00a0\u00bbSchreiben Sie uns ein paar Zeilen\u00a0\u00bb email=\u00a0\u00bbinfo@st-promotions.de\u00a0\u00bb addresstitle=\u00a0\u00bbBesuchen Sie uns\u00a0\u00bb] Medienbunker 5. Stock<br \/>\nFeldstra\u00dfe 66<br \/>\n20359 Hamburg \u2013 St. Pauli<br \/>\nTEL 040 \/ 38 60 82 &#8211; 0<br \/>\n[\/contact]<br \/>\n[\/quarter_column]<br \/>\n[quarter_column]<br \/>\n[socials header=\u00a0\u00bbSocial Networks\u00a0\u00bb fb=\u00a0\u00bbPromotionagenturen\u00a0\u00bb twit=\u00a0\u00bbSTPBUNKER\u00a0\u00bb google=\u00a0\u00bb+St-promotionsDe\u00a0\u00bb linkedin=\u00a0\u00bbcompany\/st-promotions-ohg?trk=hb_tab_compy_id_2090161&Prime; tumblr=\u00a0\u00bbpromotionagentur\u00a0\u00bb youtube=\u00a0\u00bbuser\/STPROMOTIONS\u00a0\u00bb phone=\u00a0\u00bb49403860820&Prime;]<br \/>\n[\/quarter_column]<br \/>\n[\/row]<br \/>\n[\/parallax]<br \/>\n[\/full_width]<\/p>\n","protected":false},"excerpt":{"rendered":"<p>[full_width] [parallax imgsrc=\u00a0\u00bbhttps:\/\/www.st-promotions.de\/wp-content\/themes\/nonus\/assets\/img\/parallax\/background-desktop.jpg\u00a0\u00bb] [row narrowcontent=\u00a0\u00bbtrue\u00a0\u00bb header=\u00a0\u00bbOnline Anfrage\u00a0\u00bb headertype=\u00a0\u00bb2&Prime;] [half_column] [tabs header=\u00a0\u00bb \u00a0\u00bb modern=\u00a0\u00bbtrue\u00a0\u00bb ] [tab title=\u00a0\u00bbR\u00fcckrufservice\u00a0\u00bb active=\u00a0\u00bbyes\u00a0\u00bb] [\/tab] [\/tabs] [\/half_column] [quarter_column] [contact contacttitle=\u00a0\u00bbHallo senden\u00a0\u00bb emaillabel=\u00a0\u00bbSchreiben Sie uns ein paar Zeilen\u00a0\u00bb email=\u00a0\u00bbinfo@st-promotions.de\u00a0\u00bb addresstitle=\u00a0\u00bbBesuchen Sie uns\u00a0\u00bb] Medienbunker 5. Stock Feldstra\u00dfe 66 20359 Hamburg \u2013 St. Pauli TEL 040 \/ 38 60 82 &#8211; 0 [\/contact] [\/quarter_column] [quarter_column] &#8230; <span\" class=\"link-primary\">en savoir plus<\/span><\/p>\n","protected":false},"author":2,"featured_media":0,"parent":0,"menu_order":5,"comment_status":"closed","ping_status":"open","template":"","meta":{"_acf_changed":false,"footnotes":""},"class_list":["post-5676","page","type-page","status-publish","hentry"],"acf":[],"_links":{"self":[{"href":"https:\/\/www.st-promotions.de\/fr\/wp-json\/wp\/v2\/pages\/5676","targetHints":{"allow":["GET"]}}],"collection":[{"href":"https:\/\/www.st-promotions.de\/fr\/wp-json\/wp\/v2\/pages"}],"about":[{"href":"https:\/\/www.st-promotions.de\/fr\/wp-json\/wp\/v2\/types\/page"}],"author":[{"embeddable":true,"href":"https:\/\/www.st-promotions.de\/fr\/wp-json\/wp\/v2\/users\/2"}],"replies":[{"embeddable":true,"href":"https:\/\/www.st-promotions.de\/fr\/wp-json\/wp\/v2\/comments?post=5676"}],"version-history":[{"count":5,"href":"https:\/\/www.st-promotions.de\/fr\/wp-json\/wp\/v2\/pages\/5676\/revisions"}],"predecessor-version":[{"id":24934,"href":"https:\/\/www.st-promotions.de\/fr\/wp-json\/wp\/v2\/pages\/5676\/revisions\/24934"}],"wp:attachment":[{"href":"https:\/\/www.st-promotions.de\/fr\/wp-json\/wp\/v2\/media?parent=5676"}],"curies":[{"name":"wp","href":"https:\/\/api.w.org\/{rel}","templated":true}]}}