{"id":5677,"date":"2011-10-05T01:30:15","date_gmt":"2011-10-04T23:30:15","guid":{"rendered":"http:\/\/localhost:8888\/st_promotions\/?page_id=141"},"modified":"2026-01-28T21:14:23","modified_gmt":"2026-01-28T20:14:23","slug":"mentions-legales","status":"publish","type":"page","link":"https:\/\/www.st-promotions.de\/fr\/mentions-legales\/","title":{"rendered":"Mentions l\u00e9gales"},"content":{"rendered":"<p style=\"text-align: left;\"><strong>Angaben gem\u00e4\u00df \u00a7 5 TMG:<\/strong><\/p>\n<p style=\"text-align: left;\">ST-Promotions OHG<br \/>\nAgentur f\u00fcr Verkaufsf\u00f6rderung + Werbung<br \/>\nFeldstra\u00dfe 66<br \/>\nMedienbunker<\/p>\n<p style=\"text-align: left;\">20359 Hamburg<\/p>\n<p style=\"text-align: left;\"><strong>Vertreten durch:<\/strong><\/p>\n<p style=\"text-align: left;\">Reinhard Sander<\/p>\n<p style=\"text-align: left;\"><strong>Kontakt:<\/strong><\/p>\n<p style=\"text-align: left;\">Telefon: 040 386082-0<br \/>\nTelefax: 040 384404<br \/>\ninfo@st-promotions.de<\/p>\n<p style=\"text-align: left;\"><strong>Registereintrag:<\/strong><\/p>\n<p style=\"text-align: left;\">Eintragung im Handelsregister<br \/>\n<span style=\"font-size: 13px;\">Registergericht: Hamburg<br \/>\n<\/span><span style=\"font-size: 13px;\">Registernummer: HRA 109531<\/span><\/p>\n<p style=\"text-align: left;\"><strong>Umsatzsteuer-ID:<\/strong><\/p>\n<p style=\"text-align: left;\">Umsatzsteuer-Identifikationsnummer gem\u00e4\u00df \u00a727 a Umsatzsteuergesetz:<br \/>\nDE 264270212<\/p>\n<p style=\"text-align: left;\">Quelle: <em><a href=\"http:\/\/www.e-recht24.de\" target=\"_blank\" rel=\"noopener noreferrer\">eRecht24<\/a>, Rechtsanwalt f\u00fcr Internetrecht S\u00f6ren Siebert<\/em><\/p>\n<p style=\"text-align: left;\"><strong>Haftungsausschluss:<\/strong><\/p>\n<p style=\"text-align: left;\"><strong>Haftung f\u00fcr Inhalte<\/strong><\/p>\n<p style=\"text-align: left;\">Die Inhalte unserer Seiten wurden mit gr\u00f6\u00dfter Sorgfalt erstellt.\u00a0F\u00fcr die Richtigkeit, Vollst\u00e4ndigkeit und Aktualit\u00e4t der Inhalte\u00a0k\u00f6nnen wir jedoch keine Gew\u00e4hr \u00fcbernehmen. Als Diensteanbieter sind wir gem\u00e4\u00df \u00a7 7 Abs.1 TMG f\u00fcr\u00a0eigene Inhalte auf diesen Seiten nach den allgemeinen Gesetzen verantwortlich.\u00a0Nach \u00a7\u00a7 8 bis 10 TMG sind wir als Diensteanbieter jedoch nicht\u00a0verpflichtet, \u00fcbermittelte oder gespeicherte fremde Informationen zu\u00a0\u00fcberwachen oder nach Umst\u00e4nden zu forschen, die auf eine rechtswidrige\u00a0T\u00e4tigkeit hinweisen. Verpflichtungen zur Entfernung oder Sperrung der\u00a0Nutzung von Informationen nach den allgemeinen Gesetzen bleiben hiervon\u00a0unber\u00fchrt. Eine diesbez\u00fcgliche Haftung ist jedoch erst ab dem\u00a0Zeitpunkt der Kenntnis einer konkreten Rechtsverletzung m\u00f6glich. Bei\u00a0Bekanntwerden von entsprechenden Rechtsverletzungen werden wir diese Inhalte\u00a0umgehend entfernen.<\/p>\n<p style=\"text-align: left;\"><strong>Haftung f\u00fcr Links<\/strong><\/p>\n<p style=\"text-align: left;\">Unser Angebot enth\u00e4lt Links zu externen Webseiten Dritter, auf deren\u00a0Inhalte wir keinen Einfluss haben. Deshalb k\u00f6nnen wir f\u00fcr diese\u00a0fremden Inhalte auch keine Gew\u00e4hr \u00fcbernehmen. F\u00fcr die Inhalte\u00a0der verlinkten Seiten ist stets der jeweilige Anbieter oder Betreiber der\u00a0Seiten verantwortlich. Die verlinkten Seiten wurden zum Zeitpunkt der Verlinkung\u00a0auf m\u00f6gliche Rechtsverst\u00f6\u00dfe \u00fcberpr\u00fcft. Rechtswidrige\u00a0Inhalte waren zum Zeitpunkt der Verlinkung nicht erkennbar. Eine permanente\u00a0inhaltliche Kontrolle der verlinkten Seiten ist jedoch ohne konkrete Anhaltspunkte\u00a0einer Rechtsverletzung nicht zumutbar. Bei Bekanntwerden von Rechtsverletzungen\u00a0werden wir derartige Links umgehend entfernen.<\/p>\n<p style=\"text-align: left;\"><strong>Urheberrecht<\/strong><\/p>\n<p style=\"text-align: left;\">Die durch die Seitenbetreiber erstellten Inhalte und Werke auf diesen Seiten\u00a0unterliegen dem deutschen Urheberrecht. Die Vervielf\u00e4ltigung, Bearbeitung, Verbreitung und\u00a0jede Art der Verwertung au\u00dferhalb der Grenzen des Urheberrechtes bed\u00fcrfen\u00a0der schriftlichen Zustimmung des jeweiligen Autors bzw. Erstellers. Downloads\u00a0und Kopien dieser Seite sind nur f\u00fcr den privaten, nicht kommerziellen\u00a0Gebrauch gestattet. Soweit die Inhalte auf dieser Seite nicht vom Betreiber erstellt wurden,\u00a0werden die Urheberrechte Dritter beachtet. Insbesondere werden Inhalte Dritter als solche\u00a0gekennzeichnet. Sollten Sie trotzdem auf eine Urheberrechtsverletzung aufmerksam werden, bitten wir um einen entsprechenden Hinweis.\u00a0Bei Bekanntwerden von Rechtsverletzungen werden wir derartige Inhalte umgehend entfernen.<\/p>\n<p style=\"text-align: left;\"><strong>Fotonachweis<\/strong><\/p>\n<p style=\"text-align: left;\">Titelbilder:<\/p>\n<p style=\"text-align: left;\"><a href=\"https:\/\/de.fotolia.com\/id\/73668776\">xmas<\/a><i>\u00a9 magdal3na &#8211; Fotolia.com<br \/>\n<\/i><a href=\"https:\/\/de.fotolia.com\/id\/68910483\">\u80cc\u666f\u7d20\u6750\u58c1\u7d19\uff08\u8679\u306e\u8f2a, \u8679, \u8679\u8272, \u30ec\u30a4\u30f3\u30dc\u30fc, \u4e03\u8272, \u661f\u306e\u6a21\u69d8, \u661f\u3001\u661f\u6a21\u69d8,\u661f\u306e\u56f3\u67c4, \uff09<\/a><i>\u00a9 Background wallpaper &#8211; Fotolia.com<br \/>\n<\/i><span style=\"color: #ff6600;\"><a style=\"color: #296c91;\" href=\"http:\/\/de.fotolia.com\/id\/58418174\"><span style=\"color: #ff6600;\">christmas<\/span><\/a><\/span><span style=\"line-height: 1.5;\">\u00a0<\/span><i style=\"color: #545454;\">\u00a9 drubig-photo &#8211; Fotolia.com<br \/>\n<\/i><span style=\"color: #3366ff;\"><span style=\"color: #ff6600;\"><a style=\"color: #296c91;\" href=\"http:\/\/de.fotolia.com\/id\/52846193\"><span style=\"color: #ff6600;\">Hintergrund maritim &#8211; Hafen &#8211; Rettungsanker und Tauwerk<\/span><\/a><\/span>\u00a0<\/span><i style=\"color: #545454;\">\u00a9 Jeanette Dietl &#8211; Fotolia.com<br \/>\n<\/i><span style=\"color: #0000ff;\"><span style=\"color: #ff6600;\"><a style=\"color: #296c91;\" href=\"http:\/\/de.fotolia.com\/id\/65607249\"><span style=\"color: #ff6600;\">Wooden fence and soccer ball<\/span><\/a><\/span>\u00a0<\/span><i style=\"color: #545454;\">\u00a9 trendobjects &#8211; Fotolia.com<br \/>\n<\/i><a href=\"http:\/\/de.fotolia.com\/id\/70890911\">halloween<\/a>\u00a0<i>\u00a9 drubig-photo &#8211; Fotolia.com<br \/>\n<\/i><a href=\"http:\/\/de.fotolia.com\/id\/56421923\">Autumn background with maple and oak leaves and acorns<\/a>\u00a0<i>\u00a9 Dasha Petrenko &#8211; Fotolia.com<br \/>\n<\/i><a href=\"https:\/\/de.fotolia.com\/id\/62094680\">fresh tulips arranged on old wooden backgroun<\/a><i>\u00a9 Alexander Raths &#8211; Fotolia.com<br \/>\n<\/i><a href=\"https:\/\/de.fotolia.com\/id\/77981577\">flowers on wooden background<\/a><i>\u00a9 Maya Kruchancova &#8211; Fotolia.com<\/i><\/p>\n<p style=\"text-align: justify;\"><strong>D<\/strong>aten <strong>A<\/strong>nalyse und <strong>I<\/strong>nformations<strong>S<\/strong>ystem:<i style=\"color: #545454;\"><br \/>\n<a href=\"http:\/\/de.fotolia.com\/id\/67345764\">Tafel Siegerpodest<\/a>\u00a0<i>\u00a9 JiSign &#8211; Fotolia.com<\/i><br \/>\n<\/i><\/p>\n<p style=\"text-align: elft;\"><strong>Technische Umsetzung<\/strong><br \/>\n<a title=\"Realisiert von Brave Systems\" href=\"http:\/\/www.brave-systems.de\"><br \/>\n<img loading=\"lazy\" decoding=\"async\" src=\"https:\/\/www.st-promotions.de\/wp-content\/uploads\/2011\/10\/logo.png\" alt=\"Brave Systems\" width=\"216\" height=\"43\" \/><br \/>\n<\/a><br \/>\n<b>Brave Systems UG<\/b><br \/>\nElmsbrink 13<br \/>\n49328 Melle \/ Osnabr\u00fcck<br \/>\n<a href=\"http:\/\/www.brave-systems.de\">www.brave-systems.de<\/a><\/p>\n","protected":false},"excerpt":{"rendered":"<p>Angaben gem\u00e4\u00df \u00a7 5 TMG: ST-Promotions OHG Agentur f\u00fcr Verkaufsf\u00f6rderung + Werbung Feldstra\u00dfe 66 Medienbunker 20359 Hamburg Vertreten durch: Reinhard Sander Kontakt: Telefon: 040 386082-0 Telefax: 040 384404 info@st-promotions.de Registereintrag: Eintragung im Handelsregister Registergericht: Hamburg Registernummer: HRA 109531 Umsatzsteuer-ID: Umsatzsteuer-Identifikationsnummer gem\u00e4\u00df \u00a727 a Umsatzsteuergesetz: DE 264270212 Quelle: eRecht24, Rechtsanwalt f\u00fcr Internetrecht S\u00f6ren Siebert Haftungsausschluss: Haftung &#8230; <span\" class=\"link-primary\">en savoir plus<\/span><\/p>\n","protected":false},"author":2,"featured_media":0,"parent":0,"menu_order":9,"comment_status":"closed","ping_status":"open","template":"","meta":{"_acf_changed":false,"footnotes":""},"class_list":["post-5677","page","type-page","status-publish","hentry"],"acf":[],"_links":{"self":[{"href":"https:\/\/www.st-promotions.de\/fr\/wp-json\/wp\/v2\/pages\/5677","targetHints":{"allow":["GET"]}}],"collection":[{"href":"https:\/\/www.st-promotions.de\/fr\/wp-json\/wp\/v2\/pages"}],"about":[{"href":"https:\/\/www.st-promotions.de\/fr\/wp-json\/wp\/v2\/types\/page"}],"author":[{"embeddable":true,"href":"https:\/\/www.st-promotions.de\/fr\/wp-json\/wp\/v2\/users\/2"}],"replies":[{"embeddable":true,"href":"https:\/\/www.st-promotions.de\/fr\/wp-json\/wp\/v2\/comments?post=5677"}],"version-history":[{"count":6,"href":"https:\/\/www.st-promotions.de\/fr\/wp-json\/wp\/v2\/pages\/5677\/revisions"}],"predecessor-version":[{"id":26464,"href":"https:\/\/www.st-promotions.de\/fr\/wp-json\/wp\/v2\/pages\/5677\/revisions\/26464"}],"wp:attachment":[{"href":"https:\/\/www.st-promotions.de\/fr\/wp-json\/wp\/v2\/media?parent=5677"}],"curies":[{"name":"wp","href":"https:\/\/api.w.org\/{rel}","templated":true}]}}